{"id":90529,"date":"2024-04-11T08:57:54","date_gmt":"2024-04-11T08:57:54","guid":{"rendered":"https:\/\/latinhubuk.org\/?page_id=90529"},"modified":"2024-05-07T20:22:31","modified_gmt":"2024-05-07T20:22:31","slug":"marketing","status":"publish","type":"page","link":"https:\/\/latinhubuk.org\/pt\/marketing\/","title":{"rendered":"Marketing"},"content":{"rendered":"<div><\/div>\n<ul>\n<li>\n<h1 style=\"text-align: center;\"><span style=\"color: #3366ff;\"><strong>Estamos contratando um Diretor de Marketing!<\/strong><\/span><\/h1>\n<\/li>\n<\/ul>\n<div><\/div>\n<div><img loading=\"lazy\" decoding=\"async\" class=\"alignnone size-medium wp-image-90530 aligncenter\" src=\"https:\/\/latinhubuk.org\/wp-content\/uploads\/2024\/04\/Plaza-Latina-Community-II-a-300x219.png\" alt=\"\" width=\"300\" height=\"219\" srcset=\"https:\/\/latinhubuk.org\/wp-content\/uploads\/2024\/04\/Plaza-Latina-Community-II-a-300x219.png 300w, https:\/\/latinhubuk.org\/wp-content\/uploads\/2024\/04\/Plaza-Latina-Community-II-a-768x561.png 768w, https:\/\/latinhubuk.org\/wp-content\/uploads\/2024\/04\/Plaza-Latina-Community-II-a-16x12.png 16w, https:\/\/latinhubuk.org\/wp-content\/uploads\/2024\/04\/Plaza-Latina-Community-II-a-600x438.png 600w, https:\/\/latinhubuk.org\/wp-content\/uploads\/2024\/04\/Plaza-Latina-Community-II-a.png 936w\" sizes=\"(max-width: 300px) 100vw, 300px\" \/><\/div>\n<div><\/div>\n<div><\/div>\n<div><\/div>\n<div class=\"field-block-item\" style=\"text-align: center;\"><span class=\"field-title\">\u00a0 \u00a0 \u00a0Sal\u00e1rio: <\/span>Freelance p\/h \u2013 Negoci\u00e1vel dependendo da experi\u00eancia (Sal\u00e1rio M\u00ednimo de Vida em Londres)<\/div>\n<div class=\"field-block-item\" style=\"text-align: center;\"><span class=\"field-title\">\u00a0 \u00a0 \u00a0Horas <\/span>Flex\u00edvel, 8 a 16 horas por semana a serem acordadas previamente. Prazo de 6 meses (op\u00e7\u00e3o de extens\u00e3o).<\/div>\n<div class=\"field-block-item\" style=\"text-align: center;\"><span class=\"field-title\">\u00a0 \u00a0 \u00a0Localiza\u00e7\u00e3o: <\/span>Elephant Arcade, Londres e remotamente<\/div>\n<div class=\"field-block-item\" style=\"text-align: center;\"><span class=\"field-title\">\u00a0 \u00a0 \u00a0Data de encerramento: 15 <\/span>Maio de 2024<\/div>\n<div class=\"field-block-item\" style=\"text-align: center;\"><\/div>\n<p><strong>\u00a0<\/strong><\/p>\n<p>&nbsp;<\/p>\n<ul>\n<li style=\"text-align: center;\">\n<h3><strong><span style=\"color: #000080;\">Sobre a Plaza Latina<\/span><\/strong><\/h3>\n<\/li>\n<\/ul>\n<p style=\"text-align: center;\">O Carnaval del Pueblo promove a cultura latino-americana h\u00e1 mais de 25 anos, tendo atingido, em seu auge, 200.000 visitantes no Burgess Park. A miss\u00e3o do Latin Hub \u00e9 promover o patrim\u00f4nio cultural e a solidariedade entre a comunidade latino-americana, organizando eventos, treinamentos e facilitando parcerias. Atuamos em Southwark e buscamos alcan\u00e7ar os mais desfavorecidos, oferecendo servi\u00e7os gratuitos e acesso a eventos culturais.<\/p>\n<p style=\"text-align: center;\">A PLAZA LATINA \u00e9 uma joint venture entre as duas organiza\u00e7\u00f5es. Ela administra um espa\u00e7o multiuso que permite que comerciantes e artistas unam for\u00e7as, colaborem e alcancem novos clientes para ganhar a vida, ao mesmo tempo em que promovem nossa heran\u00e7a cultural.<\/p>\n<p>&nbsp;<\/p>\n<ul>\n<li>\n<h3 style=\"text-align: center;\"><span style=\"color: #000080;\"><strong>Principais Fun\u00e7\u00f5es<\/strong><\/span><\/h3>\n<\/li>\n<\/ul>\n<p>&nbsp;<\/p>\n<ul>\n<li style=\"text-align: center;\"><strong>Voc\u00ea \u00e9 apaixonado por justi\u00e7a social e tem talento para contar hist\u00f3rias? \u00c9 um cara criativo e empreendedor? Se sim, queremos saber sua opini\u00e3o!<\/strong><\/li>\n<\/ul>\n<p style=\"text-align: center;\">O ideal \u00e9 que voc\u00ea tenha experi\u00eancia em comunica\u00e7\u00e3o e entenda de m\u00eddias sociais, mas, essencialmente, esteja disposto a aprender para conseguir trabalhar de forma independente.<\/p>\n<ul>\n<li style=\"text-align: center;\">Participe e capture conte\u00fado multim\u00eddia envolvente em nossos eventos e transforme filmagens brutas em narrativas atraentes que ressoem com<\/li>\n<li style=\"text-align: center;\">nosso p\u00fablico, por exemplo, adicionando legendas e legendas aos v\u00eddeos.<\/li>\n<li style=\"text-align: center;\">Crie conte\u00fado criativo e estrat\u00e9gico para todos os nossos canais de m\u00eddia social, garantindo que ele esteja alinhado com a voz, os valores e os objetivos da nossa marca.<\/li>\n<li style=\"text-align: center;\">Crie modelos de marca atraentes com gr\u00e1ficos pr\u00e9-fabricados para otimizar a publica\u00e7\u00e3o em m\u00eddias sociais.<\/li>\n<li style=\"text-align: center;\">Desenvolva estrat\u00e9gias inovadoras para aumentar o reconhecimento da marca, aumentar a participa\u00e7\u00e3o em eventos e analisar m\u00e9tricas de sites e m\u00eddias sociais.<\/li>\n<li style=\"text-align: center;\">D\u00ea suporte a pequenos comerciantes e artistas no desenvolvimento de suas pr\u00f3prias t\u00e1ticas de crescimento de vendas, como programas de indica\u00e7\u00e3o e descontos de fidelidade.<\/li>\n<li style=\"text-align: center;\">Escreva textos envolventes para nosso site e postagens em m\u00eddias sociais.<\/li>\n<li style=\"text-align: center;\">Crie parcerias promocionais com organiza\u00e7\u00f5es com ideias semelhantes, utilizando ferramentas como Alertas do Google e gerenciamento de m\u00eddia social<\/li>\n<li style=\"text-align: center;\">plataformas e software de CRM.<\/li>\n<li style=\"text-align: center;\">Auxiliar com consultas de RP, solicita\u00e7\u00f5es de informa\u00e7\u00f5es e prepara\u00e7\u00e3o de eventos.<\/li>\n<li style=\"text-align: center;\">Realizar pesquisas sobre tend\u00eancias do setor e identificar potenciais oportunidades de m\u00eddia<\/li>\n<\/ul>\n<p>&nbsp;<\/p>\n<ul>\n<li class=\"border-b-1-black\" style=\"text-align: center;\">\n<h3><span style=\"color: #000080;\">Habilidades e experi\u00eancia necess\u00e1rias<\/span><\/h3>\n<\/li>\n<\/ul>\n<p>&nbsp;<\/p>\n<ul>\n<li style=\"text-align: center;\"><span style=\"color: #000080;\"><strong>Sobre voc\u00ea<\/strong><\/span><\/li>\n<li style=\"text-align: center;\">Voc\u00ea est\u00e1 atualmente cursando Comunica\u00e7\u00e3o ou \u00e1rea correlata. (Pontos extras se voc\u00ea j\u00e1 for formado!)<\/li>\n<li style=\"text-align: center;\">Voc\u00ea tem uma profunda conex\u00e3o com a heran\u00e7a latino-americana ou um forte interesse pela cultura. Flu\u00eancia ou um alto n\u00edvel de espanhol s\u00e3o um diferencial.<\/li>\n<li style=\"text-align: center;\">Voc\u00ea tem um olhar agu\u00e7ado para design e uma habilidade natural para pensar visualmente.<\/li>\n<li style=\"text-align: center;\">Voc\u00ea tem experi\u00eancia em m\u00eddia social em diversas plataformas.<\/li>\n<li style=\"text-align: center;\">Voc\u00ea \u00e9 flex\u00edvel, detalhista e tem um entusiasmo contagiante pelo aprendizado.<\/li>\n<li style=\"text-align: center;\"><span style=\"color: #000080;\"><strong>Habilidades <\/strong><\/span><\/li>\n<li style=\"text-align: center;\">Experi\u00eancia em Canva Pro para design visual ou disposi\u00e7\u00e3o para aprender<\/li>\n<li style=\"text-align: center;\">Experi\u00eancia em edi\u00e7\u00e3o de v\u00eddeo ou disposi\u00e7\u00e3o para aprender<\/li>\n<li style=\"text-align: center;\">Experi\u00eancia em Zoho CRM \u2013 Automa\u00e7\u00e3o de Marketing ou disposi\u00e7\u00e3o para aprender<\/li>\n<li style=\"text-align: center;\">Experi\u00eancia em WordPress \u2013 construtor de sites Divi ou disposto a aprender<\/li>\n<li style=\"text-align: center;\">Experi\u00eancia em ferramentas de gerenciamento de m\u00eddia social e Google Analytics ou disposi\u00e7\u00e3o para aprender<\/li>\n<\/ul>\n<p>&nbsp;<\/p>\n<p>&nbsp;<\/p>\n<ul>\n<li style=\"text-align: center;\">\n<h4><span style=\"color: #0000ff;\"><strong>Junte-se a n\u00f3s e fa\u00e7a a diferen\u00e7a! Oferecemos um ambiente de trabalho acolhedor e a oportunidade de fazer parte de algo verdadeiramente significativo.<\/strong><\/span><\/h4>\n<\/li>\n<li style=\"text-align: center;\">\n<h4><span style=\"color: #0000ff;\"><strong> <span style=\"color: #ff0000;\">Envie seu curr\u00edculo para hola@latinhubuk.org<\/span><\/strong><\/span><\/h4>\n<\/li>\n<\/ul>\n<p>&nbsp;<\/p>","protected":false},"excerpt":{"rendered":"<p>Estamos contratando um(a) Oficial de Marketing! Sal\u00e1rio: Freelancer por hora \u2013 Negoci\u00e1vel dependendo da experi\u00eancia (sal\u00e1rio m\u00ednimo de Londres). Hor\u00e1rio flex\u00edvel, 8 a 16 horas semanais a combinar previamente. Contrato de 6 meses (possibilidade de prorroga\u00e7\u00e3o). Local: Elephant Arcade, Londres e remotamente. Data de encerramento: 15 [\u2026]<\/p>","protected":false},"author":1,"featured_media":0,"parent":0,"menu_order":0,"comment_status":"closed","ping_status":"closed","template":"","meta":{"_et_pb_use_builder":"","_et_pb_old_content":"","_et_gb_content_width":"","_glsr_average":0,"_glsr_ranking":0,"_glsr_reviews":0,"footnotes":""},"class_list":["post-90529","page","type-page","status-publish","hentry"],"aioseo_notices":[],"_links":{"self":[{"href":"https:\/\/latinhubuk.org\/pt\/wp-json\/wp\/v2\/pages\/90529","targetHints":{"allow":["GET"]}}],"collection":[{"href":"https:\/\/latinhubuk.org\/pt\/wp-json\/wp\/v2\/pages"}],"about":[{"href":"https:\/\/latinhubuk.org\/pt\/wp-json\/wp\/v2\/types\/page"}],"author":[{"embeddable":true,"href":"https:\/\/latinhubuk.org\/pt\/wp-json\/wp\/v2\/users\/1"}],"replies":[{"embeddable":true,"href":"https:\/\/latinhubuk.org\/pt\/wp-json\/wp\/v2\/comments?post=90529"}],"version-history":[{"count":17,"href":"https:\/\/latinhubuk.org\/pt\/wp-json\/wp\/v2\/pages\/90529\/revisions"}],"predecessor-version":[{"id":90561,"href":"https:\/\/latinhubuk.org\/pt\/wp-json\/wp\/v2\/pages\/90529\/revisions\/90561"}],"wp:attachment":[{"href":"https:\/\/latinhubuk.org\/pt\/wp-json\/wp\/v2\/media?parent=90529"}],"curies":[{"name":"wp","href":"https:\/\/api.w.org\/{rel}","templated":true}]}}