{"id":90347,"date":"2023-08-08T04:40:00","date_gmt":"2023-08-08T04:40:00","guid":{"rendered":"https:\/\/latinhubuk.org\/?page_id=90347"},"modified":"2024-07-31T08:28:29","modified_gmt":"2024-07-31T08:28:29","slug":"services","status":"publish","type":"page","link":"https:\/\/latinhubuk.org\/pt\/servicos\/","title":{"rendered":"Servi\u00e7os"},"content":{"rendered":"<p>[et_pb_section fb_built=\u201d1\u2033 admin_label=\u201dsection\u201d _builder_version=\u201d4.16\u2033 global_colors_info=\u201d{}\u201d custom_padding=\u201d5px|||||\u201d][et_pb_row admin_label=\u201drow\u201d _builder_version=\u201d4.16\u2033 background_size=\u201dinitial\u201d background_position=\u201dtop_left\u201d background_repeat=\u201drepeat\u201d global_colors_info=\u201d{}\u201d][et_pb_column type=\u201d4_4\u2033 _builder_version=\u201d4.16\u2033 custom_padding=\u201d|||\u201d global_colors_info=\u201d{}\u201d custom_padding__hover=\u201d|||\u201d][et_pb_text admin_label=\u201dTexto\u201d _builder_version=\u201d4.24.2\u2033 background_size=\u201dinitial\u201d background_position=\u201dtop_left\u201d background_repeat=\u201drepeat\u201d hover_enabled=\u201d0\u2033 global_colors_info=\u201d{}\u201d sticky_enabled=\u201d0\u2033]<\/p>\n<p style=\"text-align: center;\"><span style=\"font-weight: 400;\"><img loading=\"lazy\" decoding=\"async\" class=\"wp-image-90377 aligncenter\" src=\"https:\/\/latinhubuk.org\/wp-content\/uploads\/2023\/08\/Untitled-design-8-300x150.png\" alt=\"\" width=\"418\" height=\"209\" srcset=\"https:\/\/latinhubuk.org\/wp-content\/uploads\/2023\/08\/Untitled-design-8-300x150.png 300w, https:\/\/latinhubuk.org\/wp-content\/uploads\/2023\/08\/Untitled-design-8-1024x512.png 1024w, https:\/\/latinhubuk.org\/wp-content\/uploads\/2023\/08\/Untitled-design-8-768x384.png 768w, https:\/\/latinhubuk.org\/wp-content\/uploads\/2023\/08\/Untitled-design-8-18x9.png 18w, https:\/\/latinhubuk.org\/wp-content\/uploads\/2023\/08\/Untitled-design-8-600x300.png 600w, https:\/\/latinhubuk.org\/wp-content\/uploads\/2023\/08\/Untitled-design-8.png 1181w\" sizes=\"(max-width: 418px) 100vw, 418px\" \/><\/span><\/p>\n<p>&nbsp;<\/p>\n<p style=\"text-align: center;\"><span style=\"font-weight: 400;\">Fazemos isso hospedando e atualizando um calend\u00e1rio crowdsourced onde empresas, artistas e profissionais podem carregar seus pr\u00f3ximos eventos diretamente do nosso site sem custo algum. Qualquer um pode simplesmente clicar no sinal (+) no calend\u00e1rio e adicionar seu evento na se\u00e7\u00e3o relevante do calend\u00e1rio.<\/span><\/p>\n<p style=\"text-align: center;\"><span style=\"font-weight: 400;\"><img loading=\"lazy\" decoding=\"async\" class=\"size-medium wp-image-90350 aligncenter\" src=\"https:\/\/latinhubuk.org\/wp-content\/uploads\/2023\/08\/Untitled-design-1-300x150.gif\" alt=\"\" width=\"300\" height=\"150\" srcset=\"https:\/\/latinhubuk.org\/wp-content\/uploads\/2023\/08\/Untitled-design-1-300x150.gif 300w, https:\/\/latinhubuk.org\/wp-content\/uploads\/2023\/08\/Untitled-design-1-18x9.gif 18w\" sizes=\"(max-width: 300px) 100vw, 300px\" \/><\/span><\/p>\n<p style=\"text-align: center;\"><span style=\"font-weight: 400;\">Construindo um &#039;Hub&#039;, um site legado, onde conte\u00fado evergreen \u00e9 classificado e encontrado usando filtros de busca. Esta \u00e9 outra plataforma para promo\u00e7\u00e3o gratuita que aumenta a visibilidade do seu neg\u00f3cio e da nossa comunidade no Reino Unido.\u00a0<\/span><\/p>\n<p style=\"text-align: center;\"><img loading=\"lazy\" decoding=\"async\" class=\"size-medium wp-image-90362 alignnone\" src=\"https:\/\/latinhubuk.org\/wp-content\/uploads\/2023\/08\/Untitled-design-5-300x150.png\" alt=\"\" width=\"300\" height=\"150\" srcset=\"https:\/\/latinhubuk.org\/wp-content\/uploads\/2023\/08\/Untitled-design-5-300x150.png 300w, https:\/\/latinhubuk.org\/wp-content\/uploads\/2023\/08\/Untitled-design-5-1024x512.png 1024w, https:\/\/latinhubuk.org\/wp-content\/uploads\/2023\/08\/Untitled-design-5-768x384.png 768w, https:\/\/latinhubuk.org\/wp-content\/uploads\/2023\/08\/Untitled-design-5-18x9.png 18w, https:\/\/latinhubuk.org\/wp-content\/uploads\/2023\/08\/Untitled-design-5-600x300.png 600w, https:\/\/latinhubuk.org\/wp-content\/uploads\/2023\/08\/Untitled-design-5.png 1181w\" sizes=\"(max-width: 300px) 100vw, 300px\" \/><\/p>\n<p style=\"text-align: center;\"><span style=\"font-weight: 400;\">Se voc\u00ea \u00e9 o tipo de empreendedor que est\u00e1 ansioso para aprender, voc\u00ea pode se beneficiar da nossa pr\u00f3xima plataforma de e-learning que oferecer\u00e1 cursos GRATUITOS em ingl\u00eas, espanhol e portugu\u00eas certificados independentemente pelo CPD. Estamos recrutando tradutores para espanhol e portugu\u00eas. Entre em contato <\/span><a href=\"mailto:hola@latinhubuk.org\"><span style=\"font-weight: 400;\">Ol\u00e1@latinhubuk.org<\/span><\/a><span style=\"font-weight: 400;\">\u00a0<\/span><\/p>\n<p style=\"text-align: center;\"><img loading=\"lazy\" decoding=\"async\" class=\"size-medium wp-image-90361 aligncenter\" src=\"https:\/\/latinhubuk.org\/wp-content\/uploads\/2023\/08\/Untitled-design-6-300x150.png\" alt=\"\" width=\"300\" height=\"150\" srcset=\"https:\/\/latinhubuk.org\/wp-content\/uploads\/2023\/08\/Untitled-design-6-300x150.png 300w, https:\/\/latinhubuk.org\/wp-content\/uploads\/2023\/08\/Untitled-design-6-1024x512.png 1024w, https:\/\/latinhubuk.org\/wp-content\/uploads\/2023\/08\/Untitled-design-6-768x384.png 768w, https:\/\/latinhubuk.org\/wp-content\/uploads\/2023\/08\/Untitled-design-6-18x9.png 18w, https:\/\/latinhubuk.org\/wp-content\/uploads\/2023\/08\/Untitled-design-6-600x300.png 600w, https:\/\/latinhubuk.org\/wp-content\/uploads\/2023\/08\/Untitled-design-6.png 1181w\" sizes=\"(max-width: 300px) 100vw, 300px\" \/><\/p>\n<p style=\"text-align: center;\"><span style=\"font-weight: 400;\">Se voc\u00ea simplesmente n\u00e3o tem tempo para se inscrever em um curso, mesmo que seja online, oferecemos consultoria individual sobre marketing e estrat\u00e9gia de neg\u00f3cios ou simplesmente respondemos a perguntas espec\u00edficas sobre esses t\u00f3picos. Voc\u00ea pode entrar em contato <\/span><a href=\"mailto:hola@latinhubuk.org\"><span style=\"font-weight: 400;\">Ol\u00e1@latinhubuk.org<\/span><\/a><span style=\"font-weight: 400;\"> para maiores informa\u00e7\u00f5es.\u00a0<\/span><\/p>\n<p><span style=\"font-weight: 400;\"><img loading=\"lazy\" decoding=\"async\" class=\"size-medium wp-image-90360 aligncenter\" src=\"https:\/\/latinhubuk.org\/wp-content\/uploads\/2023\/08\/Untitled-design-7-300x150.png\" alt=\"\" width=\"300\" height=\"150\" srcset=\"https:\/\/latinhubuk.org\/wp-content\/uploads\/2023\/08\/Untitled-design-7-300x150.png 300w, https:\/\/latinhubuk.org\/wp-content\/uploads\/2023\/08\/Untitled-design-7-1024x512.png 1024w, https:\/\/latinhubuk.org\/wp-content\/uploads\/2023\/08\/Untitled-design-7-768x384.png 768w, https:\/\/latinhubuk.org\/wp-content\/uploads\/2023\/08\/Untitled-design-7-18x9.png 18w, https:\/\/latinhubuk.org\/wp-content\/uploads\/2023\/08\/Untitled-design-7-600x300.png 600w, https:\/\/latinhubuk.org\/wp-content\/uploads\/2023\/08\/Untitled-design-7.png 1181w\" sizes=\"(max-width: 300px) 100vw, 300px\" \/><\/span><\/p>\n<p>&nbsp;<\/p>\n<p>&nbsp;<\/p>\n<p>[\/et_pb_text][\/et_pb_column][\/et_pb_row][\/et_pb_section]<\/p>","protected":false},"excerpt":{"rendered":"<p>&nbsp; Fazemos isso hospedando e atualizando um calend\u00e1rio colaborativo onde empresas, artistas e profissionais podem publicar seus pr\u00f3ximos eventos diretamente do nosso site, sem nenhum custo. Qualquer pessoa pode simplesmente clicar no sinal (+) no calend\u00e1rio e adicionar seu evento na se\u00e7\u00e3o correspondente. Construindo um &quot;Hub&quot;, um legado [\u2026]<\/p>","protected":false},"author":1,"featured_media":0,"parent":0,"menu_order":0,"comment_status":"closed","ping_status":"closed","template":"","meta":{"_et_pb_use_builder":"on","_et_pb_old_content":"[vc_row][vc_column width=\"1\/1\"][vc_column_text uncode_shortcode_id=\"213156\"]\n<p style=\"text-align: center;\"><span style=\"font-weight: 400;\"><img class=\"wp-image-90377 aligncenter\" src=\"https:\/\/latinhubuk.org\/wp-content\/uploads\/2023\/08\/Untitled-design-8-300x150.png\" alt=\"\" width=\"418\" height=\"209\" \/><\/span><\/p>\n<p>&nbsp;<\/p>\n<p style=\"text-align: center;\"><span style=\"font-weight: 400;\">We do this by hosting and updating a crowd-sourced calendar where businesses, artists and professionals can upload their upcoming events directly from our website at no cost. Anyone can simply click on the (+) sign on the calendar and add their event in the relevant section of the calendar.<\/span><\/p>\n<p style=\"text-align: center;\"><span style=\"font-weight: 400;\"><img class=\"size-medium wp-image-90350 aligncenter\" src=\"https:\/\/latinhubuk.org\/wp-content\/uploads\/2023\/08\/Untitled-design-1-300x150.gif\" alt=\"\" width=\"300\" height=\"150\" \/><\/span><\/p>\n<p style=\"text-align: center;\"><span style=\"font-weight: 400;\">Building a \u2018Hub\u2019, a legacy site, where evergreen content is classified and found using search filters. This is another platform for free promotion that increases visibility of your business and our community in the UK.\u00a0<\/span><\/p>\n<p style=\"text-align: center;\"><img class=\"size-medium wp-image-90362 alignnone\" src=\"https:\/\/latinhubuk.org\/wp-content\/uploads\/2023\/08\/Untitled-design-5-300x150.png\" alt=\"\" width=\"300\" height=\"150\" \/><\/p>\n<p style=\"text-align: center;\">\n<p style=\"text-align: center;\"><span style=\"font-weight: 400;\">If you are the kind of entrepreneur that is eager to learn you can benefit from our upcoming e-learning platform that will offer FREE courses in English, Spanish and Portuguese independently certified by CPD. We are recruiting translators for Spanish and Portuguese. Please contact <\/span><a href=\"mailto:hola@latinhubuk.org\"><span style=\"font-weight: 400;\">hola@latinhubuk.org<\/span><\/a><span style=\"font-weight: 400;\">\u00a0<\/span><\/p>\n<p style=\"text-align: center;\"><img class=\"size-medium wp-image-90361 aligncenter\" src=\"https:\/\/latinhubuk.org\/wp-content\/uploads\/2023\/08\/Untitled-design-6-300x150.png\" alt=\"\" width=\"300\" height=\"150\" \/><\/p>\n<p style=\"text-align: center;\"><span style=\"font-weight: 400;\">If you simply don't have the time to enrol in a course, even if it is online, we offer one-to-one advice on marketing &amp; business strategy or simply answer specific questions on these topics. You can contact <\/span><a href=\"mailto:hola@latinhubuk.org\"><span style=\"font-weight: 400;\">hola@latinhubuk.org<\/span><\/a><span style=\"font-weight: 400;\"> for more information.\u00a0<\/span><\/p>\n<p><span style=\"font-weight: 400;\"><img class=\"size-medium wp-image-90360 aligncenter\" src=\"https:\/\/latinhubuk.org\/wp-content\/uploads\/2023\/08\/Untitled-design-7-300x150.png\" alt=\"\" width=\"300\" height=\"150\" \/><\/span><\/p>\n<p>&nbsp;<\/p>\n<p>&nbsp;<\/p>\n<p>&nbsp;<\/p>\n<p>&nbsp;<\/p>\n<p>&nbsp;<\/p>\n<p>&nbsp;<\/p>\n<p>&nbsp;<\/p>\n<p>&nbsp;[\/vc_column_text][\/vc_column][\/vc_row]<\/p>\n","_et_gb_content_width":"","_glsr_average":0,"_glsr_ranking":0,"_glsr_reviews":0,"footnotes":""},"class_list":["post-90347","page","type-page","status-publish","hentry"],"aioseo_notices":[],"_links":{"self":[{"href":"https:\/\/latinhubuk.org\/pt\/wp-json\/wp\/v2\/pages\/90347","targetHints":{"allow":["GET"]}}],"collection":[{"href":"https:\/\/latinhubuk.org\/pt\/wp-json\/wp\/v2\/pages"}],"about":[{"href":"https:\/\/latinhubuk.org\/pt\/wp-json\/wp\/v2\/types\/page"}],"author":[{"embeddable":true,"href":"https:\/\/latinhubuk.org\/pt\/wp-json\/wp\/v2\/users\/1"}],"replies":[{"embeddable":true,"href":"https:\/\/latinhubuk.org\/pt\/wp-json\/wp\/v2\/comments?post=90347"}],"version-history":[{"count":20,"href":"https:\/\/latinhubuk.org\/pt\/wp-json\/wp\/v2\/pages\/90347\/revisions"}],"predecessor-version":[{"id":90641,"href":"https:\/\/latinhubuk.org\/pt\/wp-json\/wp\/v2\/pages\/90347\/revisions\/90641"}],"wp:attachment":[{"href":"https:\/\/latinhubuk.org\/pt\/wp-json\/wp\/v2\/media?parent=90347"}],"curies":[{"name":"wp","href":"https:\/\/api.w.org\/{rel}","templated":true}]}}