{"id":37056,"date":"2015-09-09T11:09:12","date_gmt":"2015-09-09T09:09:12","guid":{"rendered":"https:\/\/undsgn.com\/uncode\/?page_id=37056"},"modified":"2025-02-17T16:38:48","modified_gmt":"2025-02-17T16:38:48","slug":"hub","status":"publish","type":"page","link":"https:\/\/latinhubuk.org\/pt\/eixo\/","title":{"rendered":"LatinHubUK"},"content":{"rendered":"<p>[et_pb_section fb_built=\u201d1\u2033 _builder_version=\u201d4.24.2\u2033 _module_preset=\u201ddefault\u201d use_background_color_gradient=\u201don\u201d background_color_gradient_stops=\u201drgba(43,135,218,0.34) 2%|rgba(12,113,195,0.48) 100%\u201d background_color_gradient_overlays_image=\u201don\u201d background_image=\u201dhttps:\/\/latinhubuk.org\/wp-content\/uploads\/2021\/04\/DSCF4564-1-scaled.jpeg\u201d global_module=\u201d90642\u2033 saved_tabs=\u201dall\u201d global_colors_info=\u201d{}\u201d][et_pb_row _builder_version=\u201d4.24.2\u2033 _module_preset=\u201dpadr\u00e3o\u201d global_colors_info=\u201d{}\u201d][et_pb_column type=\u201d4_4\u2033 _builder_version=\u201d4.24.2\u2033 _module_preset=\u201dpadr\u00e3o\u201d global_colors_info=\u201d{}\u201d][et_pb_text _builder_version=\u201d4.24.2\u2033 _module_preset=\u201dpadr\u00e3o\u201d text_text_color=\u201d#EDF000\u2033 header_3_text_align=\u201dcentro\u201d header_3_text_color=\u201d#E02B20\u2033 header_4_text_align=\u201dcentro\u201d header_4_text_color=\u201d#EDF000\u2033 global_colors_info=\u201d{}\u201d]<\/p>\n<h4><span><strong><span class=\"font-555555\">Bem-vindo ao nosso hub futuro, estamos procurando criadores de conte\u00fado para contribuir com nosso site legado. Junte-se a n\u00f3s!\u00a0<\/span><\/strong><\/span><\/h4>\n<h3><span><span class=\"font-555555\">(em Beta - esta se\u00e7\u00e3o ser\u00e1 lan\u00e7ada oficialmente em dezembro de 2024)\u00a0<\/span><\/span><\/h3>\n<p>[\/et_pb_text][\/et_pb_column][\/et_pb_row][et_pb_row column_structure=\u201d1_2,1_2\u2033 _builder_version=\u201d4.24.2\u2033 _module_preset=\u201dpadr\u00e3o\u201d global_colors_info=\u201d{}\u201d][et_pb_column type=\u201d1_2\u2033 _builder_version=\u201d4.24.2\u2033 _module_preset=\u201dpadr\u00e3o\u201d global_colors_info=\u201d{}\u201d][et_pb_button button_url=\u201d@ET-DC@eyJkeW5hbWljIjp0cnVlLCJjb250ZW50IjoicG9zdF9saW5rX3VybF9wYWdlIiwic2V0dGluZ3MiOnsicG9zdF9pZCI6Ijg3NjcxIn19@\u201d button_text=\u201d#Food #Nightlife #Markets\u201d button_alignment=\u201dcenter\u201d admin_label=\u201d#Food #Nightlife #Markets\u201d _builder_version=\u201d4.24.2\u2033 _dynamic_attributes=\u201dbutton_url\u201d _module_preset=\u201ddefault\u201d custom_button=\u201don\u201d button_text_color=\u201d#FFFFFF\u201d button_bg_color=\u201d#E02B20\u2033 button_border_radius=\u201d25px\u201d custom_css_main_element=\u201dlargura:100%;\u201d global_colors_info=\u201d{}\u201d][\/et_pb_button][et_pb_button button_url=\u201d@ET-DC@eyJkeW5hbWljIjp0cnVlLCJjb250ZW50IjoicG9zdF9saW5rX3VybF9wYWdlIiwic2V0dGluZ3MiOnsicG9zdF9pZCI6Ijg4NjE1In19@\u201d button_text=\u201dComunidade #\u201d button_alignment=\u201dcentro\u201d admin_label=\u201dComunidade #\u201d _builder_version=\u201d4.24.2\u2033 _dynamic_attributes=\u201dbutton_url\u201d _module_preset=\u201dpadr\u00e3o\u201d custom_button=\u201dligado\u201d button_text_color=\u201d#FFFFFF\u201d button_bg_color=\u201d#FCD117\u2033 button_border_radius=\u201d25px\u201d custom_css_main_element=\u201dlargura:100%;\u201d global_colors_info=\u201d{}\u201d][\/et_pb_button][et_pb_button button_url=\u201d@ET-DC@eyJkeW5hbWljIjp0cnVlLCJjb250ZW50IjoicG9zdF9saW5rX3VybF9wYWdlIiwic2V0dGluZ3MiOnsicG9zdF9pZCI6IjkwNzM3In19@\u201d button_text=\u201dSa\u00fade\u201d button_alignment=\u201dcenter\u201d admin_label=\u201d#health\u201d _builder_version=\u201d4.27.4\u2033 _module_preset=\u201ddefault\u201d custom_button=\u201don\u201d button_text_color=\u201d#ffffff\u201d button_bg_color=\u201d#049A3A\u201d button_border_radius=\u201d25px\u201d hover_enabled=\u201d0\u2033 custom_css_main_element=\u201dlargura:100%;\u201d global_colors_info=\u201d{}\u201d _dynamic_attributes=\u201dbutton_url\u201d sticky_enabled=\u201d0\u2033][\/et_pb_button][\/et_pb_column][et_pb_column type=\u201d1_2\u2033 _builder_version=\u201d4.24.2\u2033 _module_preset=\u201ddefault\u201d global_colors_info=\u201d{}\u201d][et_pb_button button_url=\u201d@ET-DC@eyJkeW5hbWljIjp0cnVlLCJjb250ZW50IjoicG9zdF9saW5rX3VybF9wYWdlIiwic2V0dGluZ3MiOnsicG9zdF9pZCI6Ijg4Mjk4In19@\u201d button_text=\u201d#Business #Professional\u201d button_alignment=\u201dcenter\u201d admin_label=\u201d#Business #Professional\u201d _builder_version=\u201d4.24.2\u2033 _dynamic_attributes=\u201dbutton_url\u201d _module_preset=\u201ddefault\u201d custom_button=\u201don\u201d button_text_color=\u201d#FFFFFF\u201d button_bg_color=\u201d#242449\u2033 button_border_radius=\u201d25px\u201d custom_css_main_element=\u201dwidth:100%;\u201d global_colors_info=\u201d{}\u201d][\/et_pb_button][et_pb_button button_url=\u201d@ET-DC@eyJkeW5hbWljIjp0cnVlLCJjb250ZW50IjoicG9zdF9saW5rX3VybF9wYWdlIiwic2V0dGluZ3MiOnsicG9zdF9pZCI6Ijg4MTYzIn19@\u201d button_text=\u201d#Arts #L\u00ednguas #Pa\u00edses\u201d button_alignment=\u201dcenter\u201d admin_label=\u201d#Arts #L\u00ednguas #Pa\u00edses\u201d _builder_version=\u201d4.24.2\u2033 _dynamic_attributes=\u201dbutton_url\u201d _module_preset=\u201ddefault\u201d bot\u00e3o_personalizado=\u201dligado\u201d cor_do_texto=\u201d#FFFFFF\u201d bot\u00e3o_bg_color=\u201d#1047AA\u201d raio_da_borda=\u201d25px\u201d elemento_principal_css_personalizado=\u201dlargura:100%;\u201d global_colors_info=\u201d{}\u201d][\/et_pb_button][et_pb_button button_url=\u201d@ET-DC@eyJkeW5hbWljIjp0cnVlLCJjb250ZW50IjoicG9zdF9saW5rX3VybF9wYWdlIiwic2V0dGluZ3MiOnsicG9zdF9pZCI6Ijg4MTcxIn19@\u201d button_text=\u201d#Kids #Youth\u201d button_alignment=\u201dcenter\u201d admin_label=\u201d#Kids #Youth\u201d _builder_version=\u201d4.24.2\u2033 _dynamic_attributes=\u201dbutton_url\u201d _module_preset=\u201ddefault\u201d custom_button=\u201don\u201d button_text_color=\u201d#FFFFFF\u201d button_bg_color=\u201d#E02B20\u2033 button_border_radius=\u201d25px\u201d custom_css_main_element=\u201dwidth:100%;\u201d global_colors_info=\u201d{}\u201d][\/et_pb_button][\/et_pb_column][\/et_pb_row][\/et_pb_section]<\/p>","protected":false},"excerpt":{"rendered":"<p>Bem-vindo ao nosso futuro hub. Estamos procurando criadores de conte\u00fado para contribuir com o nosso site antigo. Junte-se a n\u00f3s! (em vers\u00e3o Beta - esta se\u00e7\u00e3o ser\u00e1 lan\u00e7ada oficialmente em dezembro de 2024)\u00a0<\/p>","protected":false},"author":1,"featured_media":89635,"parent":0,"menu_order":0,"comment_status":"closed","ping_status":"closed","template":"","meta":{"_et_pb_use_builder":"on","_et_pb_old_content":"[vc_row row_height_percent=\"100\" back_image=\"49\" overlay_color=\"color-lxmt\" overlay_alpha=\"50\" gutter_size=\"3\" column_width_percent=\"100\" shift_y=\"0\" z_index=\"0\" css=\".vc_custom_1686569786007{border-right-width: 0px !important;padding-left: 0px !important;}\" uncode_shortcode_id=\"507337\" overlay_color_type=\"uncode-palette\"][vc_column column_width_percent=\"100\" align_horizontal=\"align_center\" gutter_size=\"3\" overlay_alpha=\"50\" shift_x=\"0\" shift_y=\"0\" shift_y_down=\"0\" z_index=\"0\" medium_width=\"0\" mobile_width=\"0\" width=\"1\/1\" css=\".vc_custom_1622112028758{padding-right: 0px !important;padding-left: 0px !important;}\"][vc_custom_heading text_color=\"color-xsdn\" heading_semantic=\"h1\" text_size=\"h1\" uncode_shortcode_id=\"167022\" text_color_type=\"uncode-palette\"]\r\n<h1 style=\"text-align: center;\"><span class=\"font-555555\" style=\"color: #ff0000;\">Welcome to our future hub<\/span><\/h1>\r\n<h1 style=\"text-align: center;\"><span class=\"font-555555\"><span style=\"color: #ff0000;\">(this section will be launched in December 2024)<\/span>\u00a0<\/span><\/h1>\r\n[\/vc_custom_heading][vc_empty_space empty_h=\"3\"][vc_row_inner row_inner_height_percent=\"0\" overlay_alpha=\"50\" equal_height=\"yes\" gutter_size=\"3\" shift_y=\"0\" z_index=\"0\" limit_content=\"\" el_id=\"categories-container\"][vc_column_inner column_width_percent=\"100\" align_horizontal=\"align_center\" gutter_size=\"3\" overlay_alpha=\"50\" shift_x=\"0\" shift_y=\"0\" shift_y_down=\"0\" z_index=\"0\" medium_width=\"0\" mobile_width=\"0\" width=\"1\/2\"][vc_button button_color=\"color-523274\" size=\"btn-xl\" radius=\"btn-circle\" wide=\"yes\" border_width=\"0\" link=\"url:https%3A%2F%2Flatinhubuk.org%2Ffood-drink-markets%2F%3F_sft_category%3Dshow-all-food-drinks-and-markets%26_sft_post_tag%3Dshow-all|title:Food%2C%20Drink%20%26%20Markets\" button_color_type=\"uncode-palette\" uncode_shortcode_id=\"140655\"]#Food #Nightlife #Markets[\/vc_button][vc_button button_color=\"color-rgdb\" size=\"btn-xl\" radius=\"btn-circle\" wide=\"yes\" border_width=\"0\" link=\"url:https%3A%2F%2Flatinhubuk.org%2Flatin-community%3F_sft_category%3Dshow-all-our-community%26_sft_post_tag%3Dshow-all|title:Latin%20Community%20in%20the%20UK\" button_color_type=\"uncode-palette\" uncode_shortcode_id=\"943716\"]#Community[\/vc_button][vc_button button_color=\"color-130244\" size=\"btn-xl\" radius=\"btn-circle\" wide=\"yes\" border_width=\"0\" link=\"url:https%3A%2F%2Flatinhubuk.org%2Fcountries%2F%3F_sft_category%3Dshow-all-our-countries%26_sft_post_tag%3Dshow-all|title:Our%20countries\" button_color_type=\"uncode-palette\" uncode_shortcode_id=\"332385\"]#Countries[\/vc_button][\/vc_column_inner][vc_column_inner column_width_percent=\"100\" align_horizontal=\"align_center\" gutter_size=\"3\" overlay_alpha=\"50\" shift_x=\"0\" shift_y=\"0\" shift_y_down=\"0\" z_index=\"0\" medium_width=\"0\" mobile_width=\"0\" width=\"1\/2\"][vc_button button_color=\"color-nhtu\" size=\"btn-xl\" radius=\"btn-circle\" border_animation=\"btn-ripple-in\" wide=\"yes\" border_width=\"0\" link=\"url:https%3A%2F%2Flatinhubuk.org%2Ftraining-and-career-advice%2F%3F_sft_category%3Dshow-all-training%26_sft_post_tag%3Dshow-all|title:Music%20and%20Dance\" button_color_type=\"uncode-palette\" uncode_shortcode_id=\"120578\"]#Business #Professional[\/vc_button][vc_button button_color=\"color-143908\" size=\"btn-xl\" radius=\"btn-circle\" wide=\"yes\" border_width=\"0\" link=\"url:https%3A%2F%2Flatinhubuk.org%2Farts%2F%3F_sft_category%3Dshow-all-arts-languages-and-books%26_sft_post_tag%3Dshow-all|title:Cinema%2C%20Theatre%2C%20Photography%20%26%20Animation\" button_color_type=\"uncode-palette\" uncode_shortcode_id=\"139436\"]#Arts #Languages[\/vc_button][vc_button button_color=\"color-lxmt\" size=\"btn-xl\" radius=\"btn-circle\" wide=\"yes\" border_width=\"0\" link=\"url:https%3A%2F%2Flatinhubuk.org%2Fkids-and-youth%2F%3F_sft_category%3Dshow-all-kids-and-youth%26_sft_post_tag%3Dshow-all|title:Languages%20and%20books\" button_color_type=\"uncode-palette\" uncode_shortcode_id=\"115175\"]#Kids #Youth[\/vc_button][\/vc_column_inner][\/vc_row_inner][\/vc_column][\/vc_row]","_et_gb_content_width":"","_glsr_average":0,"_glsr_ranking":0,"_glsr_reviews":0,"footnotes":""},"class_list":["post-37056","page","type-page","status-publish","has-post-thumbnail","hentry"],"aioseo_notices":[],"_links":{"self":[{"href":"https:\/\/latinhubuk.org\/pt\/wp-json\/wp\/v2\/pages\/37056","targetHints":{"allow":["GET"]}}],"collection":[{"href":"https:\/\/latinhubuk.org\/pt\/wp-json\/wp\/v2\/pages"}],"about":[{"href":"https:\/\/latinhubuk.org\/pt\/wp-json\/wp\/v2\/types\/page"}],"author":[{"embeddable":true,"href":"https:\/\/latinhubuk.org\/pt\/wp-json\/wp\/v2\/users\/1"}],"replies":[{"embeddable":true,"href":"https:\/\/latinhubuk.org\/pt\/wp-json\/wp\/v2\/comments?post=37056"}],"version-history":[{"count":84,"href":"https:\/\/latinhubuk.org\/pt\/wp-json\/wp\/v2\/pages\/37056\/revisions"}],"predecessor-version":[{"id":90741,"href":"https:\/\/latinhubuk.org\/pt\/wp-json\/wp\/v2\/pages\/37056\/revisions\/90741"}],"wp:featuredmedia":[{"embeddable":true,"href":"https:\/\/latinhubuk.org\/pt\/wp-json\/wp\/v2\/media\/89635"}],"wp:attachment":[{"href":"https:\/\/latinhubuk.org\/pt\/wp-json\/wp\/v2\/media?parent=37056"}],"curies":[{"name":"wp","href":"https:\/\/api.w.org\/{rel}","templated":true}]}}