{"id":90529,"date":"2024-04-11T08:57:54","date_gmt":"2024-04-11T08:57:54","guid":{"rendered":"https:\/\/latinhubuk.org\/?page_id=90529"},"modified":"2024-05-07T20:22:31","modified_gmt":"2024-05-07T20:22:31","slug":"marketing","status":"publish","type":"page","link":"https:\/\/latinhubuk.org\/es\/marketing\/","title":{"rendered":"M\u00e1rketing"},"content":{"rendered":"<div><\/div>\n<ul>\n<li>\n<h1 style=\"text-align: center;\"><span style=\"color: #3366ff;\"><strong>\u00a1Estamos contratando un Oficial de Marketing!<\/strong><\/span><\/h1>\n<\/li>\n<\/ul>\n<div><\/div>\n<div><img loading=\"lazy\" decoding=\"async\" class=\"alignnone size-medium wp-image-90530 aligncenter\" src=\"https:\/\/latinhubuk.org\/wp-content\/uploads\/2024\/04\/Plaza-Latina-Community-II-a-300x219.png\" alt=\"\" width=\"300\" height=\"219\" srcset=\"https:\/\/latinhubuk.org\/wp-content\/uploads\/2024\/04\/Plaza-Latina-Community-II-a-300x219.png 300w, https:\/\/latinhubuk.org\/wp-content\/uploads\/2024\/04\/Plaza-Latina-Community-II-a-768x561.png 768w, https:\/\/latinhubuk.org\/wp-content\/uploads\/2024\/04\/Plaza-Latina-Community-II-a-16x12.png 16w, https:\/\/latinhubuk.org\/wp-content\/uploads\/2024\/04\/Plaza-Latina-Community-II-a-600x438.png 600w, https:\/\/latinhubuk.org\/wp-content\/uploads\/2024\/04\/Plaza-Latina-Community-II-a.png 936w\" sizes=\"(max-width: 300px) 100vw, 300px\" \/><\/div>\n<div><\/div>\n<div><\/div>\n<div><\/div>\n<div class=\"field-block-item\" style=\"text-align: center;\"><span class=\"field-title\">\u00a0 \u00a0 \u00a0Salario: <\/span>Trabajador independiente por hora: negociable seg\u00fan experiencia (salario m\u00ednimo en Londres)<\/div>\n<div class=\"field-block-item\" style=\"text-align: center;\"><span class=\"field-title\">\u00a0 \u00a0 \u00a0Horas <\/span>Flexible, 8 \u2013 16 horas semanales a convenir previamente. Plazo de 6 meses (opci\u00f3n de pr\u00f3rroga).<\/div>\n<div class=\"field-block-item\" style=\"text-align: center;\"><span class=\"field-title\">\u00a0 \u00a0 \u00a0Ubicaci\u00f3n: <\/span>Elephant Arcade, Londres y de forma remota<\/div>\n<div class=\"field-block-item\" style=\"text-align: center;\"><span class=\"field-title\">\u00a0 \u00a0 \u00a0Fecha de cierre: 15 <\/span>Mayo de 2024<\/div>\n<div class=\"field-block-item\" style=\"text-align: center;\"><\/div>\n<p><strong>\u00a0<\/strong><\/p>\n<p>&nbsp;<\/p>\n<ul>\n<li style=\"text-align: center;\">\n<h3><strong><span style=\"color: #000080;\">Acerca de Plaza Latina<\/span><\/strong><\/h3>\n<\/li>\n<\/ul>\n<p style=\"text-align: center;\">Carnaval del Pueblo lleva m\u00e1s de 25 a\u00f1os promoviendo la cultura latinoamericana, llegando en su apogeo a 200.000 visitantes en Burgess Park. La misi\u00f3n de Latin Hub es promover el patrimonio y la solidaridad entre la comunidad latinoamericana mediante la organizaci\u00f3n de eventos, la formaci\u00f3n y la facilitaci\u00f3n de colaboraciones. Trabajamos en Southwark y buscamos llegar a los m\u00e1s desfavorecidos ofreciendo servicios gratuitos y acceso a eventos culturales.<\/p>\n<p style=\"text-align: center;\">PLAZA LATINA es una iniciativa conjunta entre ambas organizaciones. Gestiona un espacio multiusos que permite a comerciantes y artistas unir fuerzas, colaborar y llegar a nuevos clientes para ganarse la vida a la vez que promueven nuestro patrimonio cultural.<\/p>\n<p>&nbsp;<\/p>\n<ul>\n<li>\n<h3 style=\"text-align: center;\"><span style=\"color: #000080;\"><strong>Funciones principales<\/strong><\/span><\/h3>\n<\/li>\n<\/ul>\n<p>&nbsp;<\/p>\n<ul>\n<li style=\"text-align: center;\"><strong>\u00bfTe apasiona la justicia social y tienes talento para contar historias? \u00bfEres una persona creativa y emprendedora? Si es as\u00ed, \u00a1queremos saber de ti!<\/strong><\/li>\n<\/ul>\n<p style=\"text-align: center;\">Lo ideal es que provengas de un entorno de comunicaciones y conozcas las redes sociales, pero esencialmente est\u00e1s dispuesto a aprender para poder trabajar de forma independiente.<\/p>\n<ul>\n<li style=\"text-align: center;\">Asista y capture contenido multimedia atractivo en nuestros eventos y transforme im\u00e1genes sin editar en narrativas convincentes que resuenen con<\/li>\n<li style=\"text-align: center;\">nuestra audiencia, por ejemplo a\u00f1adiendo subt\u00edtulos y leyendas a los v\u00eddeos.<\/li>\n<li style=\"text-align: center;\">Crear contenido creativo y estrat\u00e9gico para todos nuestros canales de redes sociales, asegur\u00e1ndonos de que se alinee con la voz, los valores y los objetivos de nuestra marca.<\/li>\n<li style=\"text-align: center;\">Dise\u00f1e plantillas de marca llamativas con gr\u00e1ficos predise\u00f1ados para agilizar las publicaciones en las redes sociales.<\/li>\n<li style=\"text-align: center;\">Desarrollar estrategias innovadoras para impulsar el conocimiento de la marca, aumentar la asistencia a eventos y analizar las m\u00e9tricas del sitio web y las redes sociales.<\/li>\n<li style=\"text-align: center;\">Apoyar a peque\u00f1os comerciantes y artistas en el desarrollo de sus propias t\u00e1cticas de crecimiento de ventas, como programas de recomendaci\u00f3n y descuentos de fidelidad.<\/li>\n<li style=\"text-align: center;\">Escriba textos atractivos para nuestro sitio web y publicaciones en las redes sociales.<\/li>\n<li style=\"text-align: center;\">Construya alianzas promocionales con organizaciones afines, utilizando herramientas como Google Alerts y gesti\u00f3n de redes sociales.<\/li>\n<li style=\"text-align: center;\">plataformas y software CRM.<\/li>\n<li style=\"text-align: center;\">Ayudar con consultas de relaciones p\u00fablicas, solicitudes de informaci\u00f3n y preparaci\u00f3n de eventos.<\/li>\n<li style=\"text-align: center;\">Realizar investigaciones sobre las tendencias de la industria e identificar posibles oportunidades en los medios.<\/li>\n<\/ul>\n<p>&nbsp;<\/p>\n<ul>\n<li class=\"border-b-1-black\" style=\"text-align: center;\">\n<h3><span style=\"color: #000080;\">Habilidades y experiencia requeridas<\/span><\/h3>\n<\/li>\n<\/ul>\n<p>&nbsp;<\/p>\n<ul>\n<li style=\"text-align: center;\"><span style=\"color: #000080;\"><strong>Acerca de ti<\/strong><\/span><\/li>\n<li style=\"text-align: center;\">Actualmente est\u00e1s cursando una licenciatura en Comunicaciones o un campo relacionado. (\u00a1Puntos extra si ya eres graduado!)<\/li>\n<li style=\"text-align: center;\">Tienes una profunda conexi\u00f3n con la herencia latinoamericana o un gran inter\u00e9s en la cultura. Se valorar\u00e1 la fluidez o un buen nivel de espa\u00f1ol.<\/li>\n<li style=\"text-align: center;\">Posees un buen ojo para el dise\u00f1o y una capacidad natural para pensar visualmente.<\/li>\n<li style=\"text-align: center;\">Tienes experiencia en redes sociales en varias plataformas.<\/li>\n<li style=\"text-align: center;\">Eres flexible, orientado a los detalles y tienes un entusiasmo contagioso por aprender.<\/li>\n<li style=\"text-align: center;\"><span style=\"color: #000080;\"><strong>Habilidades <\/strong><\/span><\/li>\n<li style=\"text-align: center;\">Con experiencia en Canva Pro para dise\u00f1o visual o con ganas de aprender.<\/li>\n<li style=\"text-align: center;\">Con experiencia en edici\u00f3n de video o con ganas de aprender.<\/li>\n<li style=\"text-align: center;\">Experiencia en Zoho CRM \u2013 Automatizaci\u00f3n de marketing o con ganas de aprender<\/li>\n<li style=\"text-align: center;\">Con experiencia en WordPress \u2013 Creador de sitios web Divi o con ganas de aprender<\/li>\n<li style=\"text-align: center;\">Con experiencia en herramientas de gesti\u00f3n de Google Analytics y redes sociales o con ganas de aprender.<\/li>\n<\/ul>\n<p>&nbsp;<\/p>\n<p>&nbsp;<\/p>\n<ul>\n<li style=\"text-align: center;\">\n<h4><span style=\"color: #0000ff;\"><strong>\u00a1\u00danete a nosotros y marca la diferencia! Ofrecemos un ambiente laboral propicio y la oportunidad de formar parte de algo verdaderamente significativo.<\/strong><\/span><\/h4>\n<\/li>\n<li style=\"text-align: center;\">\n<h4><span style=\"color: #0000ff;\"><strong> <span style=\"color: #ff0000;\">Env\u00edanos tu CV a hola@latinhubuk.org<\/span><\/strong><\/span><\/h4>\n<\/li>\n<\/ul>\n<p>&nbsp;<\/p>","protected":false},"excerpt":{"rendered":"<p>\u00a1Buscamos un\/a Oficial de Marketing! Salario: Freelance por hora \u2013 Negociable seg\u00fan experiencia (M\u00ednimo Salario M\u00ednimo de Londres). Horario flexible: de 8 a 16 horas semanales a convenir. Contrato de 6 meses (con opci\u00f3n de extensi\u00f3n). Ubicaci\u00f3n: Elephant Arcade, Londres y remoto. Fecha l\u00edmite: 15 [\u2026]<\/p>","protected":false},"author":1,"featured_media":0,"parent":0,"menu_order":0,"comment_status":"closed","ping_status":"closed","template":"","meta":{"_et_pb_use_builder":"","_et_pb_old_content":"","_et_gb_content_width":"","_glsr_average":0,"_glsr_ranking":0,"_glsr_reviews":0,"footnotes":""},"class_list":["post-90529","page","type-page","status-publish","hentry"],"aioseo_notices":[],"_links":{"self":[{"href":"https:\/\/latinhubuk.org\/es\/wp-json\/wp\/v2\/pages\/90529","targetHints":{"allow":["GET"]}}],"collection":[{"href":"https:\/\/latinhubuk.org\/es\/wp-json\/wp\/v2\/pages"}],"about":[{"href":"https:\/\/latinhubuk.org\/es\/wp-json\/wp\/v2\/types\/page"}],"author":[{"embeddable":true,"href":"https:\/\/latinhubuk.org\/es\/wp-json\/wp\/v2\/users\/1"}],"replies":[{"embeddable":true,"href":"https:\/\/latinhubuk.org\/es\/wp-json\/wp\/v2\/comments?post=90529"}],"version-history":[{"count":17,"href":"https:\/\/latinhubuk.org\/es\/wp-json\/wp\/v2\/pages\/90529\/revisions"}],"predecessor-version":[{"id":90561,"href":"https:\/\/latinhubuk.org\/es\/wp-json\/wp\/v2\/pages\/90529\/revisions\/90561"}],"wp:attachment":[{"href":"https:\/\/latinhubuk.org\/es\/wp-json\/wp\/v2\/media?parent=90529"}],"curies":[{"name":"wp","href":"https:\/\/api.w.org\/{rel}","templated":true}]}}