{"id":90508,"date":"2024-04-07T10:32:30","date_gmt":"2024-04-07T10:32:30","guid":{"rendered":"https:\/\/latinhubuk.org\/?page_id=90508"},"modified":"2024-04-18T07:09:31","modified_gmt":"2024-04-18T07:09:31","slug":"talentos","status":"publish","type":"page","link":"https:\/\/latinhubuk.org\/es\/talentos\/","title":{"rendered":"Talentos"},"content":{"rendered":"<p id=\"tw-target-text\" class=\"tw-data-text tw-text-large tw-ta\" dir=\"ltr\" style=\"text-align: center;\" data-placeholder=\"Translation\" aria-label=\"Texto traducido\" data-ved=\"2ahUKEwj366iV8q-FAxWnUkEAHeTEB_oQ3ewLegQIDRAU\"><span class=\"Y2IQFc\" lang=\"es\">\u00a1Llamando a todos los artistas latinoamericanos de 3 a 21 a\u00f1os! <\/span><\/p>\n<p class=\"tw-data-text tw-text-large tw-ta\" dir=\"ltr\" style=\"text-align: center;\" data-placeholder=\"Translation\" aria-label=\"Texto traducido\" data-ved=\"2ahUKEwj366iV8q-FAxWnUkEAHeTEB_oQ3ewLegQIDRAU\"><strong><span class=\"Y2IQFc\" lang=\"es\" style=\"color: #0000ff;\">El Carnaval del Pueblo 2025 est\u00e1 buscando la pr\u00f3xima estrella en ascenso, \u00a1y podr\u00edas ser T\u00da! \u2728 <\/span><\/strong><\/p>\n<ul style=\"text-align: center;\" data-sourcepos=\"9:1-17:0\">\n<li data-sourcepos=\"9:1-11:27\"><strong>Cu\u00e1ndo y d\u00f3nde <\/strong><\/li>\n<li data-sourcepos=\"9:1-11:27\">Primera ronda: S\u00e1bado 25 de mayo, Main Hall Magdalen Hall \u2013 Purbrook St, Londres SE1 3DQ \ufe0f<\/li>\n<li data-sourcepos=\"9:1-11:27\">Ensayos: 12:00 \u2013 13:30 Espect\u00e1culo: 13:30 \u2013 15:00 horas<\/li>\n<\/ul>\n<p class=\"tw-data-text tw-text-large tw-ta\" dir=\"ltr\" style=\"text-align: center;\" data-placeholder=\"Translation\" aria-label=\"Texto traducido\" data-ved=\"2ahUKEwj366iV8q-FAxWnUkEAHeTEB_oQ3ewLegQIDRAU\"><strong><span class=\"Y2IQFc\" lang=\"es\" style=\"color: #339966;\">La participaci\u00f3n es GRATIS <\/span><\/strong><\/p>\n<ul>\n<li class=\"tw-data-text tw-text-large tw-ta\" dir=\"ltr\" style=\"text-align: center;\" data-placeholder=\"Translation\" aria-label=\"Texto traducido\" data-ved=\"2ahUKEwj366iV8q-FAxWnUkEAHeTEB_oQ3ewLegQIDRAU\"><strong><span class=\"Y2IQFc\" lang=\"es\">Premios:<\/span><\/strong><\/li>\n<\/ul>\n<p class=\"tw-data-text tw-text-large tw-ta\" dir=\"ltr\" style=\"text-align: center;\" data-placeholder=\"Translation\" aria-label=\"Texto traducido\" data-ved=\"2ahUKEwj366iV8q-FAxWnUkEAHeTEB_oQ3ewLegQIDRAU\"><span class=\"Y2IQFc\" lang=\"es\"> \u00a1Cada participante recibe una medalla de reconocimiento por su participaci\u00f3n! <\/span><\/p>\n<p class=\"tw-data-text tw-text-large tw-ta\" dir=\"ltr\" style=\"text-align: center;\" data-placeholder=\"Translation\" aria-label=\"Texto traducido\" data-ved=\"2ahUKEwj366iV8q-FAxWnUkEAHeTEB_oQ3ewLegQIDRAU\"><span class=\"Y2IQFc\" lang=\"es\">El ganador del espect\u00e1culo recibir\u00e1 \u00a3100 en vales para gastar en Plaza Latina y un trofeo en la primera ronda de competiciones. <\/span><span class=\"Y2IQFc\" lang=\"es\">Ella\/\u00c9l\/Ellos ser\u00e1n invitados a participar en la final de la competici\u00f3n. <\/span><\/p>\n<p class=\"tw-data-text tw-text-large tw-ta\" dir=\"ltr\" style=\"text-align: center;\" data-placeholder=\"Translation\" aria-label=\"Texto traducido\" data-ved=\"2ahUKEwj366iV8q-FAxWnUkEAHeTEB_oQ3ewLegQIDRAU\"><span class=\"Y2IQFc\" lang=\"es\">El show ganador de la competencia final actuar\u00e1 en el London New Years Day Parade \u2013 Latin American Entry y el ic\u00f3nico Festival Latino Carnaval del Pueblo 2025 y obtendr\u00e1 una producci\u00f3n de v\u00eddeo\/grabaci\u00f3n profesional valorada en \u00a3500 para mostrar su talento al mundo.<\/span><\/p>\n<ul style=\"text-align: center;\" data-sourcepos=\"9:1-17:0\">\n<li data-sourcepos=\"9:1-11:27\"><strong>\u00bfCu\u00e1l es tu talento?\u00a0<\/strong><\/li>\n<\/ul>\n<p class=\"tw-data-text tw-text-large tw-ta\" dir=\"ltr\" style=\"text-align: center;\" data-placeholder=\"Translation\" aria-label=\"Texto traducido\" data-ved=\"2ahUKEwj366iV8q-FAxWnUkEAHeTEB_oQ3ewLegQIDRAU\"><span class=\"Y2IQFc\" lang=\"es\">Baila: \u00a1Haz un movimiento y muestra tu ritmo! <\/span><\/p>\n<p class=\"tw-data-text tw-text-large tw-ta\" dir=\"ltr\" style=\"text-align: center;\" data-placeholder=\"Translation\" aria-label=\"Texto traducido\" data-ved=\"2ahUKEwj366iV8q-FAxWnUkEAHeTEB_oQ3ewLegQIDRAU\"><span class=\"Y2IQFc\" lang=\"es\">Canta: \u00a1Toca una melod\u00eda y sorprende al p\u00fablico!<\/span><\/p>\n<p id=\"tw-target-text\" class=\"tw-data-text tw-text-large tw-ta\" dir=\"ltr\" style=\"text-align: center;\" data-placeholder=\"Translation\" aria-label=\"Texto traducido\" data-ved=\"2ahUKEwj366iV8q-FAxWnUkEAHeTEB_oQ3ewLegQIDRAU\"><span class=\"Y2IQFc\" lang=\"es\">Toca un instrumento: \u00a1muestra esas habilidades!<\/span><\/p>\n<p class=\"tw-data-text tw-text-large tw-ta\" dir=\"ltr\" style=\"text-align: center;\" data-placeholder=\"Translation\" aria-label=\"Texto traducido\" data-ved=\"2ahUKEwj366iV8q-FAxWnUkEAHeTEB_oQ3ewLegQIDRAU\"><span class=\"Y2IQFc\" lang=\"es\">Improvisaci\u00f3n en teatro y comedia: \u00a1haznos re\u00edr con tus habilidades interpretativas! <\/span><\/p>\n<p class=\"tw-data-text tw-text-large tw-ta\" dir=\"ltr\" style=\"text-align: center;\" data-placeholder=\"Translation\" aria-label=\"Texto traducido\" data-ved=\"2ahUKEwj366iV8q-FAxWnUkEAHeTEB_oQ3ewLegQIDRAU\"><span class=\"Y2IQFc\" lang=\"es\">Artes visuales en acci\u00f3n: \u00bfpintura en vivo? \u00a1Asombroso! <\/span><\/p>\n<p class=\"tw-data-text tw-text-large tw-ta\" dir=\"ltr\" style=\"text-align: center;\" data-placeholder=\"Translation\" aria-label=\"Texto traducido\" data-ved=\"2ahUKEwj366iV8q-FAxWnUkEAHeTEB_oQ3ewLegQIDRAU\"><span class=\"Y2IQFc\" lang=\"es\">Magia: \u00a1Haznos desaparecer con tus habilidades m\u00e1gicas!\u00a0<\/span><\/p>\n<p class=\"tw-data-text tw-text-large tw-ta\" dir=\"ltr\" style=\"text-align: center;\" data-placeholder=\"Translation\" aria-label=\"Texto traducido\" data-ved=\"2ahUKEwj366iV8q-FAxWnUkEAHeTEB_oQ3ewLegQIDRAU\"><strong><span class=\"Y2IQFc\" lang=\"es\" style=\"color: #339966;\">Act\u00faa en espa\u00f1ol, portugu\u00e9s o ingl\u00e9s: \u00a1celebramos la diversidad dentro de Am\u00e9rica Latina! <\/span><\/strong><\/p>\n<ul style=\"text-align: center;\" data-sourcepos=\"9:1-17:0\">\n<li data-sourcepos=\"9:1-11:27\"><strong><span class=\"Y2IQFc\" lang=\"es\">Proceso de selecci\u00f3n<\/span><\/strong><\/li>\n<\/ul>\n<p class=\"tw-data-text tw-text-large tw-ta\" dir=\"ltr\" style=\"text-align: center;\" data-placeholder=\"Translation\" aria-label=\"Texto traducido\" data-ved=\"2ahUKEwj366iV8q-FAxWnUkEAHeTEB_oQ3ewLegQIDRAU\"><span class=\"Y2IQFc\" lang=\"es\">El p\u00fablico tendr\u00e1 un voto y un jurado art\u00edstico incluido la profesora de teatro Analia Sanchez (Teatro por y para ni\u00f1os) y la actriz Cristina Mart\u00ednez tendr\u00e1n un voto cada una y as\u00ed se seleccionar\u00e1 al ganador en funci\u00f3n de su edad, talento y presencia esc\u00e9nica.\u00a0<\/span><\/p>\n<p class=\"tw-data-text tw-text-large tw-ta\" dir=\"ltr\" style=\"text-align: center;\" data-placeholder=\"Translation\" aria-label=\"Texto traducido\" data-ved=\"2ahUKEwj366iV8q-FAxWnUkEAHeTEB_oQ3ewLegQIDRAU\"><span class=\"Y2IQFc\" lang=\"es\">\u00a1Se anunciar\u00e1 el ganador del programa, pero todos los participantes recibir\u00e1n una medalla de reconocimiento por su participaci\u00f3n!<\/span><\/p>\n<ul>\n<li class=\"tw-data-text tw-text-large tw-ta\" dir=\"ltr\" style=\"text-align: center;\" data-placeholder=\"Translation\" aria-label=\"Texto traducido\" data-ved=\"2ahUKEwj366iV8q-FAxWnUkEAHeTEB_oQ3ewLegQIDRAU\"><span class=\"Y2IQFc\" lang=\"es\" style=\"color: #333399;\">\u00a1<strong>\u00a1No pierdas esta incre\u00edble oportunidad! <\/strong><\/span><\/li>\n<li class=\"tw-data-text tw-text-large tw-ta\" dir=\"ltr\" style=\"text-align: center;\" data-placeholder=\"Translation\" aria-label=\"Texto traducido\" data-ved=\"2ahUKEwj366iV8q-FAxWnUkEAHeTEB_oQ3ewLegQIDRAU\"><span class=\"Y2IQFc\" lang=\"es\" style=\"color: #333399;\"><strong>Plazas limitadas disponibles<\/strong><\/span><\/li>\n<li class=\"tw-data-text tw-text-large tw-ta\" dir=\"ltr\" style=\"text-align: center;\" data-placeholder=\"Translation\" aria-label=\"Texto traducido\" data-ved=\"2ahUKEwj366iV8q-FAxWnUkEAHeTEB_oQ3ewLegQIDRAU\">\n<h2><span class=\"Y2IQFc\" lang=\"es\"><strong><span style=\"color: #ff0000;\"><span style=\"color: #339966;\">Registra tu inter\u00e9s en participar<\/span><em> <a style=\"color: #ff0000;\" href=\"https:\/\/forms.gle\/FBQzAbbZVsurdTrF6\">aqu\u00ed <\/a><\/em><\/span><\/strong><\/span><\/h2>\n<\/li>\n<\/ul>\n<p class=\"tw-data-text tw-text-large tw-ta\" dir=\"ltr\" style=\"text-align: center;\" data-placeholder=\"Translation\" aria-label=\"Texto traducido\" data-ved=\"2ahUKEwj366iV8q-FAxWnUkEAHeTEB_oQ3ewLegQIDRAU\"><span class=\"Y2IQFc\" lang=\"es\" style=\"color: #000000;\">Si tienes alg\u00fan problema env\u00edanos un correo electr\u00f3nico Nuala de Carnaval del Pueblo nualacdp@gmail.com\u00a0<\/span><\/p>\n<ul>\n<li class=\"tw-data-text tw-text-large tw-ta\" dir=\"ltr\" style=\"text-align: center;\" data-placeholder=\"Translation\" aria-label=\"Texto traducido\" data-ved=\"2ahUKEwj366iV8q-FAxWnUkEAHeTEB_oQ3ewLegQIDRAU\"><strong><span class=\"Y2IQFc\" lang=\"es\">\u00a1Estamos ansiosos por ver brillar tu talento! \u2728<\/span><\/strong><\/li>\n<\/ul>\n<p>&nbsp;<\/p>","protected":false},"excerpt":{"rendered":"<p>\u00a1Llamando a todos los artistas latinoamericanos de 3 a 21 a\u00f1os! El Carnaval del Pueblo 2025 est\u00e1 buscando la pr\u00f3xima estrella en ascenso, \u00a1y podr\u00edas ser T\u00da! \u2728 Cu\u00e1ndo y d\u00f3nde Primera ronda: S\u00e1bado 25 de mayo, Main Hall Magdalen Hall \u2013 Purbrook St, Londres SE1 3DQ \ufe0f Ensayos: 12:00 \u2013 13:30 Espect\u00e1culo: 13:30 \u2013 [\u2026]<\/p>","protected":false},"author":1,"featured_media":0,"parent":0,"menu_order":0,"comment_status":"closed","ping_status":"closed","template":"","meta":{"_et_pb_use_builder":"","_et_pb_old_content":"","_et_gb_content_width":"","_glsr_average":0,"_glsr_ranking":0,"_glsr_reviews":0,"footnotes":""},"class_list":["post-90508","page","type-page","status-publish","hentry"],"aioseo_notices":[],"_links":{"self":[{"href":"https:\/\/latinhubuk.org\/es\/wp-json\/wp\/v2\/pages\/90508","targetHints":{"allow":["GET"]}}],"collection":[{"href":"https:\/\/latinhubuk.org\/es\/wp-json\/wp\/v2\/pages"}],"about":[{"href":"https:\/\/latinhubuk.org\/es\/wp-json\/wp\/v2\/types\/page"}],"author":[{"embeddable":true,"href":"https:\/\/latinhubuk.org\/es\/wp-json\/wp\/v2\/users\/1"}],"replies":[{"embeddable":true,"href":"https:\/\/latinhubuk.org\/es\/wp-json\/wp\/v2\/comments?post=90508"}],"version-history":[{"count":26,"href":"https:\/\/latinhubuk.org\/es\/wp-json\/wp\/v2\/pages\/90508\/revisions"}],"predecessor-version":[{"id":90557,"href":"https:\/\/latinhubuk.org\/es\/wp-json\/wp\/v2\/pages\/90508\/revisions\/90557"}],"wp:attachment":[{"href":"https:\/\/latinhubuk.org\/es\/wp-json\/wp\/v2\/media?parent=90508"}],"curies":[{"name":"wp","href":"https:\/\/api.w.org\/{rel}","templated":true}]}}