{"id":90497,"date":"2024-04-07T10:14:24","date_gmt":"2024-04-07T10:14:24","guid":{"rendered":"https:\/\/latinhubuk.org\/?page_id=90497"},"modified":"2024-04-07T10:48:32","modified_gmt":"2024-04-07T10:48:32","slug":"talent","status":"publish","type":"page","link":"https:\/\/latinhubuk.org\/es\/talento\/","title":{"rendered":"Concurso de talentos"},"content":{"rendered":"<p style=\"text-align: center;\" data-sourcepos=\"1:1-1:59\">\u00a1Libera tu talento y brilla en Plaza Latina!<\/p>\n<p style=\"text-align: center;\" data-sourcepos=\"3:1-3:38\"><strong><span style=\"color: #0000ff;\">\u00a1Llamamos a todos los artistas latinoamericanos de 5 a 21 a\u00f1os!<\/span><\/strong><\/p>\n<p style=\"text-align: center;\" data-sourcepos=\"5:1-5:85\">Carnaval del Pueblo est\u00e1 buscando a la pr\u00f3xima estrella en ascenso, \u00a1y podr\u00edas ser T\u00da! \u2728<\/p>\n<p style=\"text-align: center;\" data-sourcepos=\"7:1-7:29\"><span style=\"color: #ffff00;\"><strong>Aqu\u00ed est\u00e1 la interesante oferta:<\/strong><\/span><\/p>\n<ul style=\"text-align: center;\" data-sourcepos=\"9:1-17:0\">\n<li data-sourcepos=\"9:1-11:27\"><strong>Cu\u00e1ndo y d\u00f3nde: <\/strong>S\u00e1bado 25 de mayo, Sala principal Magdalen Hall \u2013 Purbrook St, Londres SE1 3DQ \ufe0f\n<ul data-sourcepos=\"10:4-11:27\">\n<li data-sourcepos=\"10:4-10:33\">Ensayos: 12:00 p. m. a 1:30 p. m.<\/li>\n<li data-sourcepos=\"11:4-11:27\">Espect\u00e1culo: 13:30 \u2013 15:00 horas<\/li>\n<\/ul>\n<\/li>\n<li data-sourcepos=\"12:1-12:73\"><strong><span style=\"color: #99cc00;\">La participaci\u00f3n es GRATUITA<\/span><\/strong><\/li>\n<li data-sourcepos=\"13:1-17:0\"><strong>Premio:<\/strong>\n<ul data-sourcepos=\"14:4-17:0\">\n<li>\u00a1Cada participante recibir\u00e1 una medalla de participaci\u00f3n!<\/li>\n<li data-sourcepos=\"14:4-14:54\">El ganador recibir\u00e1 \u00a3100 en cupones para gastar en la Plaza Latina y un trofeo en la primera ronda de concursos. Ser\u00e1 invitado a participar en la final.<\/li>\n<li data-sourcepos=\"14:4-14:54\">El ganador de la competencia final se presentar\u00e1 en el prestigioso Carnaval del Pueblo y<\/li>\n<li data-sourcepos=\"15:4-15:101\">\u00a1Obtenga una producci\u00f3n de video\/grabaci\u00f3n profesional por valor de \u00a3500 para mostrar su talento al mundo!<\/li>\n<\/ul>\n<\/li>\n<\/ul>\n<p style=\"text-align: center;\" data-sourcepos=\"18:1-18:29\"><strong>\u00a1Mu\u00e9stranos tus habilidades!<\/strong> \u200d\u2640\ufe0f<\/p>\n<p style=\"text-align: center;\" data-sourcepos=\"20:1-20:61\">\u00bfCrees que tienes lo necesario? Esto es lo que puedes demostrar:<\/p>\n<ul style=\"text-align: center;\" data-sourcepos=\"22:1-27:1\">\n<li data-sourcepos=\"22:1-22:51\"><strong>Bailar:<\/strong>\u00a0\u00a1Mu\u00e9vete y demuestra tu ritmo!<\/li>\n<li data-sourcepos=\"23:1-23:50\"><strong>Cantar:<\/strong>\u00a0\u00a1Canta una melod\u00eda y sorprende al p\u00fablico!<\/li>\n<li data-sourcepos=\"23:1-23:50\"><strong>Tocar un instrumento:\u00a0<\/strong>\u00a1Demuestra esas habilidades!<\/li>\n<li data-sourcepos=\"24:1-24:81\"><strong>Improvisaci\u00f3n teatral y de comedia:<\/strong>\u00a0\u00a1Haznos re\u00edr con tus dotes actorales!<\/li>\n<li data-sourcepos=\"25:1-25:54\"><strong>Artes visuales en acci\u00f3n:<\/strong>\u00a0\u00bfPintura en vivo? \u00a1Incre\u00edble!<\/li>\n<li data-sourcepos=\"26:1-27:1\"><strong>Magia:<\/strong>\u00a0\u00a1Haznos desaparecer con tus habilidades m\u00e1gicas! \ud83e\ude84<\/li>\n<\/ul>\n<p style=\"text-align: center;\" data-sourcepos=\"28:1-28:24\"><strong>Idiomas bienvenidos:<\/strong> \ufe0f<\/p>\n<p style=\"text-align: center;\" data-sourcepos=\"30:1-30:72\">Actuamos en espa\u00f1ol, portugu\u00e9s o ingl\u00e9s: \u00a1celebramos la diversidad de Am\u00e9rica Latina!<\/p>\n<p style=\"text-align: center;\" data-sourcepos=\"32:1-32:24\"><strong>Proceso de selecci\u00f3n:<\/strong><\/p>\n<p style=\"text-align: center;\" data-sourcepos=\"34:1-34:156\">Un jurado de profesionales de reconocido prestigio (incluidos profesores de teatro)<a href=\"https:\/\/www.linkedin.com\/in\/analia-sanchez-69bba820\/?originalSubdomain=uk\"> Anal\u00eda S\u00e1nchez<\/a> (Teatro por y para ni\u00f1os) y la actriz Cristina Mart\u00ednez seleccionar\u00e1n al ganador en funci\u00f3n de su talento y presencia esc\u00e9nica.<\/p>\n<p style=\"text-align: center;\" data-sourcepos=\"36:1-36:114\">Se anunciar\u00e1 el ganador, \u00a1pero todos los participantes recibir\u00e1n una medalla de reconocimiento por su participaci\u00f3n!<\/p>\n<p style=\"text-align: center;\" data-sourcepos=\"38:1-38:41\">\u00a1No pierdas esta incre\u00edble oportunidad!<\/p>\n<p style=\"text-align: center;\" data-sourcepos=\"40:1-40:90\"><strong><span style=\"color: #ff0000;\">Hay plazas limitadas disponibles, env\u00edenos un correo electr\u00f3nico a hola@latinhubuk.org<\/span><\/strong><\/p>\n<p style=\"text-align: center;\" data-sourcepos=\"42:1-42:46\">\u00a1Estamos ansiosos por ver brillar tu talento! \u2728<\/p>","protected":false},"excerpt":{"rendered":"<p>\u00a1Desata tu talento y brilla en Plaza Latina! \u00a1Llamamos a todos los artistas latinoamericanos de 5 a 21 a\u00f1os! Carnaval del Pueblo busca a la pr\u00f3xima estrella emergente, \u00a1y podr\u00edas ser T\u00da! \u2728 \u00a1Aqu\u00ed tienes la incre\u00edble oferta! Cu\u00e1ndo y d\u00f3nde: S\u00e1bado 25 de mayo, Sala Principal Magdalen Hall \u2013 Purbrook St, Londres SE1 3DQ \ufe0f Ensayos: [\u2026]<\/p>","protected":false},"author":1,"featured_media":0,"parent":0,"menu_order":0,"comment_status":"closed","ping_status":"closed","template":"","meta":{"_et_pb_use_builder":"","_et_pb_old_content":"","_et_gb_content_width":"","_glsr_average":0,"_glsr_ranking":0,"_glsr_reviews":0,"footnotes":""},"class_list":["post-90497","page","type-page","status-publish","hentry"],"aioseo_notices":[],"_links":{"self":[{"href":"https:\/\/latinhubuk.org\/es\/wp-json\/wp\/v2\/pages\/90497","targetHints":{"allow":["GET"]}}],"collection":[{"href":"https:\/\/latinhubuk.org\/es\/wp-json\/wp\/v2\/pages"}],"about":[{"href":"https:\/\/latinhubuk.org\/es\/wp-json\/wp\/v2\/types\/page"}],"author":[{"embeddable":true,"href":"https:\/\/latinhubuk.org\/es\/wp-json\/wp\/v2\/users\/1"}],"replies":[{"embeddable":true,"href":"https:\/\/latinhubuk.org\/es\/wp-json\/wp\/v2\/comments?post=90497"}],"version-history":[{"count":13,"href":"https:\/\/latinhubuk.org\/es\/wp-json\/wp\/v2\/pages\/90497\/revisions"}],"predecessor-version":[{"id":90518,"href":"https:\/\/latinhubuk.org\/es\/wp-json\/wp\/v2\/pages\/90497\/revisions\/90518"}],"wp:attachment":[{"href":"https:\/\/latinhubuk.org\/es\/wp-json\/wp\/v2\/media?parent=90497"}],"curies":[{"name":"wp","href":"https:\/\/api.w.org\/{rel}","templated":true}]}}