{"id":88965,"date":"2021-12-17T10:13:39","date_gmt":"2021-12-17T10:13:39","guid":{"rendered":"https:\/\/latinhubuk.org\/?page_id=88965"},"modified":"2021-12-19T16:54:06","modified_gmt":"2021-12-19T16:54:06","slug":"thank-you-for-contacting-us","status":"publish","type":"page","link":"https:\/\/latinhubuk.org\/es\/gracias-por-contactarnos\/","title":{"rendered":"Gracias por contactarnos."},"content":{"rendered":"<p>[vc_row row_height_percent=&#8221;0&#8243; overlay_alpha=&#8221;50&#8243; gutter_size=&#8221;3&#8243; column_width_percent=&#8221;100&#8243; shift_y=&#8221;0&#8243; z_index=&#8221;0&#8243; shape_dividers=&#8221;&#8221; css=&#8221;.vc_custom_1639744703806{margin-bottom: 30px !important;}&#8221;][vc_column][vc_column_text]<img loading=\"lazy\" decoding=\"async\" class=\"wp-image-87587 alignleft\" src=\"https:\/\/latinhubuk.org\/wp-content\/uploads\/2021\/06\/Latinamerican-1-e1622708149304-297x300.png\" alt=\"\" width=\"228\" height=\"230\" \/><\/p>\n<p>&nbsp;<\/p>\n<p><span style=\"font-weight: 400;\"><strong>Gracias ! Nos veremos pronto.<\/strong>\u00a0<\/span><\/p>\n<p><span style=\"font-weight: 400;\">Confirme su suscripci\u00f3n o cancele la suscripci\u00f3n revisando su bandeja de entrada. Por favor <strong>b\u00fascanos en tu carpeta de spam<\/strong> si no puede encontrarnos. Puede encontrar nuestro aviso de privacidad aqu\u00ed y si tiene alguna otra pregunta o comentario, env\u00ede un correo electr\u00f3nico a latinhubuk@gmail.com.\u00a0<\/span><\/p>\n<p><span style=\"font-weight: 400;\">S\u00edguenos en las redes sociales<\/span><\/p>\n<p><a href=\"https:\/\/twitter.com\/LatinHubUK\"><img loading=\"lazy\" decoding=\"async\" class=\"alignnone wp-image-88975\" src=\"https:\/\/latinhubuk.org\/wp-content\/uploads\/2021\/12\/download-e1639738224454.jpeg\" alt=\"\" width=\"20\" height=\"24\" srcset=\"https:\/\/latinhubuk.org\/wp-content\/uploads\/2021\/12\/download-e1639738224454.jpeg 106w, https:\/\/latinhubuk.org\/wp-content\/uploads\/2021\/12\/download-e1639738224454-10x12.jpeg 10w\" sizes=\"(max-width: 20px) 100vw, 20px\" \/>@LatinHubUK<\/a> <a href=\"https:\/\/www.instagram.com\/latinhubuk\/\"><img loading=\"lazy\" decoding=\"async\" class=\"alignnone wp-image-88976\" src=\"https:\/\/latinhubuk.org\/wp-content\/uploads\/2021\/12\/download-1.jpeg\" alt=\"\" width=\"19\" height=\"19\" srcset=\"https:\/\/latinhubuk.org\/wp-content\/uploads\/2021\/12\/download-1.jpeg 225w, https:\/\/latinhubuk.org\/wp-content\/uploads\/2021\/12\/download-1-150x150.jpeg 150w, https:\/\/latinhubuk.org\/wp-content\/uploads\/2021\/12\/download-1-12x12.jpeg 12w, https:\/\/latinhubuk.org\/wp-content\/uploads\/2021\/12\/download-1-100x100.jpeg 100w\" sizes=\"(max-width: 19px) 100vw, 19px\" \/> LatinHubUK<\/a> <a href=\"https:\/\/www.youtube.com\/channel\/UCb9eNpOAujXaXO6Am1G9gaA\" data-wp-editing=\"1\"><img loading=\"lazy\" decoding=\"async\" class=\"alignnone wp-image-88977\" src=\"https:\/\/latinhubuk.org\/wp-content\/uploads\/2021\/12\/youtube-logo-illustration-e1639738877679-300x229.jpg\" alt=\"\" width=\"28\" height=\"21\" srcset=\"https:\/\/latinhubuk.org\/wp-content\/uploads\/2021\/12\/youtube-logo-illustration-e1639738877679-300x229.jpg 300w, https:\/\/latinhubuk.org\/wp-content\/uploads\/2021\/12\/youtube-logo-illustration-e1639738877679-16x12.jpg 16w, https:\/\/latinhubuk.org\/wp-content\/uploads\/2021\/12\/youtube-logo-illustration-e1639738877679.jpg 337w\" sizes=\"(max-width: 28px) 100vw, 28px\" \/> Latin Hub\u00a0<\/a> <a href=\"https:\/\/www.facebook.com\/LatinHubUK\"><img loading=\"lazy\" decoding=\"async\" class=\"alignnone wp-image-88978\" src=\"https:\/\/latinhubuk.org\/wp-content\/uploads\/2021\/12\/download-1-e1639739125318.png\" alt=\"\" width=\"22\" height=\"21\" srcset=\"https:\/\/latinhubuk.org\/wp-content\/uploads\/2021\/12\/download-1-e1639739125318.png 216w, https:\/\/latinhubuk.org\/wp-content\/uploads\/2021\/12\/download-1-e1639739125318-150x150.png 150w, https:\/\/latinhubuk.org\/wp-content\/uploads\/2021\/12\/download-1-e1639739125318-12x12.png 12w, https:\/\/latinhubuk.org\/wp-content\/uploads\/2021\/12\/download-1-e1639739125318-100x100.png 100w\" sizes=\"(max-width: 22px) 100vw, 22px\" \/>@LatinHubUK<\/a><\/p>\n<p>&nbsp;<\/p>\n<p><img loading=\"lazy\" decoding=\"async\" class=\"alignnone wp-image-88979\" src=\"https:\/\/latinhubuk.org\/wp-content\/uploads\/2021\/12\/Go-the-the-hub-e1639741392662-300x112.png\" alt=\"\" width=\"150\" height=\"56\" srcset=\"https:\/\/latinhubuk.org\/wp-content\/uploads\/2021\/12\/Go-the-the-hub-e1639741392662-300x112.png 300w, https:\/\/latinhubuk.org\/wp-content\/uploads\/2021\/12\/Go-the-the-hub-e1639741392662-18x7.png 18w, https:\/\/latinhubuk.org\/wp-content\/uploads\/2021\/12\/Go-the-the-hub-e1639741392662.png 446w\" sizes=\"(max-width: 150px) 100vw, 150px\" \/>\u00a0\u00a0\u00a0<img loading=\"lazy\" decoding=\"async\" class=\"alignnone wp-image-88981\" src=\"https:\/\/latinhubuk.org\/wp-content\/uploads\/2021\/12\/Go-the-the-hub-1-e1639741831292-300x114.png\" alt=\"\" width=\"155\" height=\"59\" srcset=\"https:\/\/latinhubuk.org\/wp-content\/uploads\/2021\/12\/Go-the-the-hub-1-e1639741831292-300x114.png 300w, https:\/\/latinhubuk.org\/wp-content\/uploads\/2021\/12\/Go-the-the-hub-1-e1639741831292-18x7.png 18w, https:\/\/latinhubuk.org\/wp-content\/uploads\/2021\/12\/Go-the-the-hub-1-e1639741831292.png 453w\" sizes=\"(max-width: 155px) 100vw, 155px\" \/>\u00a0\u00a0\u00a0<a href=\"https:\/\/latinhubuk.org\/es\/sobre-nosotros\/\"><img loading=\"lazy\" decoding=\"async\" class=\"alignnone wp-image-88982\" src=\"https:\/\/latinhubuk.org\/wp-content\/uploads\/2021\/12\/Go-the-the-hub-2-e1639742020189-300x116.png\" alt=\"\" width=\"155\" height=\"60\" srcset=\"https:\/\/latinhubuk.org\/wp-content\/uploads\/2021\/12\/Go-the-the-hub-2-e1639742020189-300x116.png 300w, https:\/\/latinhubuk.org\/wp-content\/uploads\/2021\/12\/Go-the-the-hub-2-e1639742020189-18x7.png 18w, https:\/\/latinhubuk.org\/wp-content\/uploads\/2021\/12\/Go-the-the-hub-2-e1639742020189.png 441w\" sizes=\"(max-width: 155px) 100vw, 155px\" \/><\/a>\u00a0 <a href=\"https:\/\/latinhubuk.org\/es\/eventos-2\/\"><img loading=\"lazy\" decoding=\"async\" class=\"alignnone wp-image-88983\" src=\"https:\/\/latinhubuk.org\/wp-content\/uploads\/2021\/12\/Go-the-the-hub-3-e1639742262683-300x120.png\" alt=\"\" width=\"145\" height=\"58\" srcset=\"https:\/\/latinhubuk.org\/wp-content\/uploads\/2021\/12\/Go-the-the-hub-3-e1639742262683-300x120.png 300w, https:\/\/latinhubuk.org\/wp-content\/uploads\/2021\/12\/Go-the-the-hub-3-e1639742262683-18x7.png 18w, https:\/\/latinhubuk.org\/wp-content\/uploads\/2021\/12\/Go-the-the-hub-3-e1639742262683.png 452w\" sizes=\"(max-width: 145px) 100vw, 145px\" \/><\/a>[\/vc_column_text][\/vc_column][\/vc_row]<\/p>","protected":false},"excerpt":{"rendered":"<p>[vc_row row_height_percent=&#8221;0&#8243; overlay_alpha=&#8221;50&#8243; gutter_size=&#8221;3&#8243; column_width_percent=&#8221;100&#8243; shift_y=&#8221;0&#8243; z_index=&#8221;0&#8243; shape_dividers=&#8221;&#8221; css=&#8221;.vc_custom_1639744703806{margin-bottom: 30px !important;}&#8221;][vc_column][vc_column_text] &nbsp; Thank you ! We will be in touch soon.\u00a0 Confirm your subscription or unsubscribe by checking your inbox. Please look for us in your spam folder if you can\u2019t find us.\u00a0 You can find our privacy notice here and if you have any [&hellip;]<\/p>","protected":false},"author":1,"featured_media":0,"parent":0,"menu_order":0,"comment_status":"closed","ping_status":"closed","template":"","meta":{"_et_pb_use_builder":"","_et_pb_old_content":"","_et_gb_content_width":"","_glsr_average":0,"_glsr_ranking":0,"_glsr_reviews":0,"footnotes":""},"class_list":["post-88965","page","type-page","status-publish","hentry"],"aioseo_notices":[],"_links":{"self":[{"href":"https:\/\/latinhubuk.org\/es\/wp-json\/wp\/v2\/pages\/88965","targetHints":{"allow":["GET"]}}],"collection":[{"href":"https:\/\/latinhubuk.org\/es\/wp-json\/wp\/v2\/pages"}],"about":[{"href":"https:\/\/latinhubuk.org\/es\/wp-json\/wp\/v2\/types\/page"}],"author":[{"embeddable":true,"href":"https:\/\/latinhubuk.org\/es\/wp-json\/wp\/v2\/users\/1"}],"replies":[{"embeddable":true,"href":"https:\/\/latinhubuk.org\/es\/wp-json\/wp\/v2\/comments?post=88965"}],"version-history":[{"count":10,"href":"https:\/\/latinhubuk.org\/es\/wp-json\/wp\/v2\/pages\/88965\/revisions"}],"predecessor-version":[{"id":88987,"href":"https:\/\/latinhubuk.org\/es\/wp-json\/wp\/v2\/pages\/88965\/revisions\/88987"}],"wp:attachment":[{"href":"https:\/\/latinhubuk.org\/es\/wp-json\/wp\/v2\/media?parent=88965"}],"curies":[{"name":"wp","href":"https:\/\/api.w.org\/{rel}","templated":true}]}}