{"id":87924,"date":"2021-06-25T22:27:52","date_gmt":"2021-06-25T22:27:52","guid":{"rendered":"https:\/\/latinhubuk.org\/?page_id=87924"},"modified":"2021-08-04T14:39:36","modified_gmt":"2021-08-04T14:39:36","slug":"somos-una-familia","status":"publish","type":"page","link":"https:\/\/latinhubuk.org\/es\/somos-una-familia\/","title":{"rendered":"Somos una familia"},"content":{"rendered":"<p><img loading=\"lazy\" decoding=\"async\" class=\"size-medium wp-image-88328 alignright\" src=\"https:\/\/latinhubuk.org\/wp-content\/uploads\/2021\/08\/Latin-market-2-300x150.png\" alt=\"\" width=\"300\" height=\"150\" srcset=\"https:\/\/latinhubuk.org\/wp-content\/uploads\/2021\/08\/Latin-market-2-300x150.png 300w, https:\/\/latinhubuk.org\/wp-content\/uploads\/2021\/08\/Latin-market-2-1024x512.png 1024w, https:\/\/latinhubuk.org\/wp-content\/uploads\/2021\/08\/Latin-market-2-768x384.png 768w, https:\/\/latinhubuk.org\/wp-content\/uploads\/2021\/08\/Latin-market-2-1536x768.png 1536w, https:\/\/latinhubuk.org\/wp-content\/uploads\/2021\/08\/Latin-market-2-2048x1024.png 2048w, https:\/\/latinhubuk.org\/wp-content\/uploads\/2021\/08\/Latin-market-2-600x300.png 600w\" sizes=\"(max-width: 300px) 100vw, 300px\" \/>LatinHubUK busca entender las necesidades de las familias latinoamericanas viviendo en el Reino Unido.<\/p>\n<p>Estamos buscando documentar historias de determinaci\u00f3n, solidaridad, adaptaci\u00f3n o superaci\u00f3n individual que abundan en nuestra comunidad. Si quieres contarnos tu historia por favor comun\u00edcate con Desire quien est\u00e1 a cargo de ese objetivo.<\/p>\n<p>Tu relato nos ayuda a entender las necesidades de nuestra comunidad para involucrados en la b\u00fasqueda de soluciones a trav\u00e9s de nuestra participaci\u00f3n ciudadana como as\u00ed tambi\u00e9n creaci\u00f3n de contenido y material educativo.<br \/>\nContacto Deseo: d.noriega@iars.org.uk<\/p>\n<p><a href=\"https:\/\/latinhubuk.org\/es\/centro\/\">Vuelta al LatinHub\u00a0<\/a><\/p>","protected":false},"excerpt":{"rendered":"<p>LatinHubUK busca entender las necesidades de las familias latinoamericanas que viven en el Reino Unido. Estamos buscando documentales historias de determinaci\u00f3n, solidaridad, adaptaci\u00f3n o superaci\u00f3n individual que abundan en nuestra comunidad. Si quieres contarnos tu historia por favor comun\u00edcate con Desire quien est\u00e1 a cargo de ese objetivo. Tu relato nos ayuda a entender las necesidades [\u2026]<\/p>","protected":false},"author":1,"featured_media":0,"parent":0,"menu_order":0,"comment_status":"closed","ping_status":"closed","template":"","meta":{"_et_pb_use_builder":"","_et_pb_old_content":"","_et_gb_content_width":"","_glsr_average":0,"_glsr_ranking":0,"_glsr_reviews":0,"footnotes":""},"class_list":["post-87924","page","type-page","status-publish","hentry"],"aioseo_notices":[],"_links":{"self":[{"href":"https:\/\/latinhubuk.org\/es\/wp-json\/wp\/v2\/pages\/87924","targetHints":{"allow":["GET"]}}],"collection":[{"href":"https:\/\/latinhubuk.org\/es\/wp-json\/wp\/v2\/pages"}],"about":[{"href":"https:\/\/latinhubuk.org\/es\/wp-json\/wp\/v2\/types\/page"}],"author":[{"embeddable":true,"href":"https:\/\/latinhubuk.org\/es\/wp-json\/wp\/v2\/users\/1"}],"replies":[{"embeddable":true,"href":"https:\/\/latinhubuk.org\/es\/wp-json\/wp\/v2\/comments?post=87924"}],"version-history":[{"count":7,"href":"https:\/\/latinhubuk.org\/es\/wp-json\/wp\/v2\/pages\/87924\/revisions"}],"predecessor-version":[{"id":88330,"href":"https:\/\/latinhubuk.org\/es\/wp-json\/wp\/v2\/pages\/87924\/revisions\/88330"}],"wp:attachment":[{"href":"https:\/\/latinhubuk.org\/es\/wp-json\/wp\/v2\/media?parent=87924"}],"curies":[{"name":"wp","href":"https:\/\/api.w.org\/{rel}","templated":true}]}}