{"id":43,"date":"2021-04-29T13:28:24","date_gmt":"2021-04-29T13:28:24","guid":{"rendered":"https:\/\/latinhubuk.org\/?page_id=43"},"modified":"2026-02-13T17:15:48","modified_gmt":"2026-02-13T17:15:48","slug":"43-2","status":"publish","type":"page","link":"https:\/\/latinhubuk.org\/es\/","title":{"rendered":"Hogar"},"content":{"rendered":"<p>[et_pb_section fb_built=&#8221;1&#8243; fullwidth=&#8221;on&#8221; _builder_version=&#8221;4.24.2&#8243; _module_preset=&#8221;default&#8221; background_enable_video_mp4=&#8221;off&#8221; background_enable_video_webm=&#8221;off&#8221; background_video_width=&#8221;100%&#8221; background_video_height=&#8221;60vh&#8221; global_colors_info=&#8221;{}&#8221;][et_pb_fullwidth_header text_orientation=&#8221;center&#8221; button_one_text=&#8221;ON A MISSION TO PROMOTE LATIN AMERICAN HERITAGE AND SOLIDARITY&#8221; button_one_url=&#8221;@ET-DC@eyJkeW5hbWljIjp0cnVlLCJjb250ZW50IjoicG9zdF9saW5rX3VybF9wYWdlIiwic2V0dGluZ3MiOnsicG9zdF9pZCI6Ijg3ODkzIn19@&#8221; _builder_version=&#8221;4.27.4&#8243; _dynamic_attributes=&#8221;button_one_url&#8221; _module_preset=&#8221;default&#8221; title_font=&#8221;Urbanist||||||||&#8221; background_enable_color=&#8221;off&#8221; background_size=&#8221;stretch&#8221; background_video_webm=&#8221;https:\/\/latinhubuk.org\/wp-content\/uploads\/2022\/02\/homepage.webm&#8221; custom_button_one=&#8221;on&#8221; button_one_bg_color=&#8221;#242449&#8243; button_one_border_radius=&#8221;52px&#8221; button_one_use_icon=&#8221;off&#8221; min_height=&#8221;50vh&#8221; custom_css_button_1=&#8221;margin-top:15vh&#8221; global_colors_info=&#8221;{}&#8221;][\/et_pb_fullwidth_header][\/et_pb_section][et_pb_section fb_built=&#8221;1&#8243; _builder_version=&#8221;4.27.4&#8243; _module_preset=&#8221;default&#8221; background_color=&#8221;#1047AA&#8221; use_background_color_gradient=&#8221;on&#8221; background_color_gradient_stops=&#8221;rgba(43,135,218,0.34) 2%|rgba(12,113,195,0.48) 100%&#8221; background_color_gradient_overlays_image=&#8221;on&#8221; background_image=&#8221;https:\/\/latinhubuk.org\/wp-content\/uploads\/2021\/04\/DSCF4564-1-scaled.jpeg&#8221; min_height=&#8221;705px&#8221; global_module=&#8221;90642&#8243; saved_tabs=&#8221;all&#8221; global_colors_info=&#8221;{}&#8221;][et_pb_row _builder_version=&#8221;4.27.4&#8243; _module_preset=&#8221;default&#8221; global_colors_info=&#8221;{}&#8221;][et_pb_column type=&#8221;4_4&#8243; _builder_version=&#8221;4.24.2&#8243; _module_preset=&#8221;default&#8221; global_colors_info=&#8221;{}&#8221;][et_pb_text _builder_version=&#8221;4.27.4&#8243; _module_preset=&#8221;default&#8221; text_font=&#8221;Urbanist|800|||||||&#8221; text_text_color=&#8221;#EDF000&#8243; text_font_size=&#8221;22px&#8221; header_font=&#8221;Urbanist|800|||||||&#8221; header_text_color=&#8221;#242449&#8243; header_font_size=&#8221;41px&#8221; header_3_text_align=&#8221;center&#8221; header_3_text_color=&#8221;#E02B20&#8243; header_4_text_align=&#8221;center&#8221; header_4_text_color=&#8221;#EDF000&#8243; hover_enabled=&#8221;0&#8243; header_text_shadow_style=&#8221;preset3&#8243; header_text_shadow_horizontal_length=&#8221;0.2em&#8221; header_text_shadow_vertical_length=&#8221;0.07em&#8221; header_text_shadow_color=&#8221;#FFFFFF&#8221; global_colors_info=&#8221;{}&#8221; sticky_enabled=&#8221;0&#8243;]<\/p>\n<h1 style=\"text-align: center;\"><span style=\"color: #003366;\"><strong><span class=\"font-555555\">Bienvenido a nuestro futuro centro. Buscamos creadores de contenido que contribuyan a nuestro sitio heredado. \u00a1\u00danase a nosotros!\u00a0<\/span><\/strong><\/span><\/h1>\n<h2 style=\"text-align: center;\"><span class=\"font-555555\" style=\"color: #ff0000;\">(en versi\u00f3n Beta: esta secci\u00f3n se lanzar\u00e1 oficialmente en septiembre de 2026)\u00a0<\/span><\/h2>\n<p>[\/et_pb_text][\/et_pb_column][\/et_pb_row][et_pb_row column_structure=&#8221;1_2,1_2&#8243; _builder_version=&#8221;4.27.4&#8243; _module_preset=&#8221;default&#8221; global_colors_info=&#8221;{}&#8221;][et_pb_column type=&#8221;1_2&#8243; _builder_version=&#8221;4.24.2&#8243; _module_preset=&#8221;default&#8221; global_colors_info=&#8221;{}&#8221;][et_pb_button button_url=&#8221;@ET-DC@eyJkeW5hbWljIjp0cnVlLCJjb250ZW50IjoicG9zdF9saW5rX3VybF9wYWdlIiwic2V0dGluZ3MiOnsicG9zdF9pZCI6Ijg3NjcxIn19@&#8221; button_text=&#8221;#Food #Nightlife #Markets&#8221; button_alignment=&#8221;center&#8221; admin_label=&#8221;#Food #Nightlife #Markets&#8221; _builder_version=&#8221;4.27.4&#8243; _dynamic_attributes=&#8221;button_url&#8221; _module_preset=&#8221;default&#8221; custom_button=&#8221;on&#8221; button_text_color=&#8221;#FFFFFF&#8221; button_bg_color=&#8221;#E02B20&#8243; button_border_radius=&#8221;25px&#8221; button_font=&#8221;Urbanist||||||||&#8221; custom_css_main_element=&#8221;width:100%;&#8221; global_colors_info=&#8221;{}&#8221;][\/et_pb_button][et_pb_button button_url=&#8221;@ET-DC@eyJkeW5hbWljIjp0cnVlLCJjb250ZW50IjoicG9zdF9saW5rX3VybF9wYWdlIiwic2V0dGluZ3MiOnsicG9zdF9pZCI6Ijg4NjE1In19@&#8221; button_text=&#8221;#Community&#8221; button_alignment=&#8221;center&#8221; admin_label=&#8221;#Community&#8221; _builder_version=&#8221;4.27.4&#8243; _dynamic_attributes=&#8221;button_url&#8221; _module_preset=&#8221;default&#8221; custom_button=&#8221;on&#8221; button_text_color=&#8221;#FFFFFF&#8221; button_bg_color=&#8221;#FCD117&#8243; button_border_radius=&#8221;25px&#8221; button_font=&#8221;Urbanist||||||||&#8221; custom_css_main_element=&#8221;width:100%;&#8221; global_colors_info=&#8221;{}&#8221;][\/et_pb_button][et_pb_button button_url=&#8221;@ET-DC@eyJkeW5hbWljIjp0cnVlLCJjb250ZW50IjoicG9zdF9saW5rX3VybF9wYWdlIiwic2V0dGluZ3MiOnsicG9zdF9pZCI6IjkwNzM3In19@&#8221; button_text=&#8221;#Health&#8221; button_alignment=&#8221;center&#8221; admin_label=&#8221;#health&#8221; _builder_version=&#8221;4.27.4&#8243; _dynamic_attributes=&#8221;button_url&#8221; _module_preset=&#8221;default&#8221; custom_button=&#8221;on&#8221; button_text_color=&#8221;#ffffff&#8221; button_bg_color=&#8221;#1047AA&#8221; button_border_radius=&#8221;25px&#8221; button_font=&#8221;Urbanist||||||||&#8221; custom_css_main_element=&#8221;width:100%;&#8221; global_colors_info=&#8221;{}&#8221;][\/et_pb_button][\/et_pb_column][et_pb_column type=&#8221;1_2&#8243; _builder_version=&#8221;4.27.4&#8243; _module_preset=&#8221;default&#8221; global_colors_info=&#8221;{}&#8221;][et_pb_button button_url=&#8221;@ET-DC@eyJkeW5hbWljIjp0cnVlLCJjb250ZW50IjoicG9zdF9saW5rX3VybF9wYWdlIiwic2V0dGluZ3MiOnsicG9zdF9pZCI6Ijg4Mjk4In19@&#8221; button_text=&#8221;#Business #Professional&#8221; button_alignment=&#8221;center&#8221; admin_label=&#8221;#Business #Professional&#8221; _builder_version=&#8221;4.24.2&#8243; _dynamic_attributes=&#8221;button_url&#8221; _module_preset=&#8221;default&#8221; custom_button=&#8221;on&#8221; button_text_color=&#8221;#FFFFFF&#8221; button_bg_color=&#8221;#242449&#8243; button_border_radius=&#8221;25px&#8221; custom_css_main_element=&#8221;width:100%;&#8221; global_colors_info=&#8221;{}&#8221;][\/et_pb_button][et_pb_button button_url=&#8221;@ET-DC@eyJkeW5hbWljIjp0cnVlLCJjb250ZW50IjoicG9zdF9saW5rX3VybF9wYWdlIiwic2V0dGluZ3MiOnsicG9zdF9pZCI6Ijg4MTYzIn19@&#8221; button_text=&#8221;#Arts #Languages #Countries&#8221; button_alignment=&#8221;center&#8221; admin_label=&#8221;#Arts #Languages #Countries&#8221; _builder_version=&#8221;4.27.4&#8243; _dynamic_attributes=&#8221;button_url&#8221; _module_preset=&#8221;default&#8221; custom_button=&#8221;on&#8221; button_text_color=&#8221;#FFFFFF&#8221; button_bg_color=&#8221;#049A3A&#8221; button_border_radius=&#8221;25px&#8221; custom_css_main_element=&#8221;width:100%;&#8221; global_colors_info=&#8221;{}&#8221;][\/et_pb_button][et_pb_button button_url=&#8221;@ET-DC@eyJkeW5hbWljIjp0cnVlLCJjb250ZW50IjoicG9zdF9saW5rX3VybF9wYWdlIiwic2V0dGluZ3MiOnsicG9zdF9pZCI6Ijg4MTcxIn19@&#8221; button_text=&#8221;#Kids #Youth&#8221; button_alignment=&#8221;center&#8221; admin_label=&#8221;#Kids #Youth&#8221; _builder_version=&#8221;4.27.4&#8243; _dynamic_attributes=&#8221;button_url&#8221; _module_preset=&#8221;default&#8221; custom_button=&#8221;on&#8221; button_text_color=&#8221;#FFFFFF&#8221; button_bg_color=&#8221;#4996CD&#8221; button_border_radius=&#8221;25px&#8221; button_font=&#8221;Urbanist||||||||&#8221; custom_css_main_element=&#8221;width:100%;&#8221; global_colors_info=&#8221;{}&#8221;][\/et_pb_button][\/et_pb_column][\/et_pb_row][et_pb_row _builder_version=&#8221;4.27.4&#8243; _module_preset=&#8221;default&#8221; global_colors_info=&#8221;{}&#8221;][et_pb_column type=&#8221;4_4&#8243; _builder_version=&#8221;4.27.4&#8243; _module_preset=&#8221;default&#8221; global_colors_info=&#8221;{}&#8221;][et_pb_text _builder_version=&#8221;4.27.4&#8243; _module_preset=&#8221;default&#8221; text_font=&#8221;Urbanist|600|||||||&#8221; text_text_color=&#8221;#FFFFFF&#8221; text_font_size=&#8221;17px&#8221; text_orientation=&#8221;justified&#8221; hover_enabled=&#8221;0&#8243; global_colors_info=&#8221;{}&#8221; sticky_enabled=&#8221;0&#8243;]<\/p>\n<p style=\"text-align: center;\"><span>En el centro pretendemos publicar <strong>&#039;Contenido imperecedero&#039; que va m\u00e1s all\u00e1 de lo que est\u00e1 sucediendo ahora<\/strong> para enriquecer nuestro legado cultural para muchas generaciones venideras.<\/span><\/p>\n<p style=\"text-align: center;\"><span>Somos diversos en nuestras opiniones e intereses.<strong> Queremos seguir siendo inclusivos<\/strong> y proporcionar una plataforma independiente para la promoci\u00f3n y la expresi\u00f3n evitando la hip\u00e9rbole y respet\u00e1ndonos mutuamente.<\/span><\/p>\n<p style=\"text-align: center;\"><span>El <strong>El objetivo es dar visibilidad a todos<\/strong> Organizaciones, artistas, profesionales y empresas independientes de Latinoam\u00e9rica que presentan individuos notables, historias de resiliencia y nuestras numerosas contribuciones al Reino Unido.<\/span><span>\u00a0<\/span><\/p>\n<p>[\/et_pb_text][\/et_pb_column][\/et_pb_row][\/et_pb_section]<\/p>","protected":false},"excerpt":{"rendered":"<p>Welcome to our future hub, we are looking for content creators to contribute to our legacy site.\u00a0 Join us!\u00a0 (in Beta- this section will be officially launched in September 2026)\u00a0At the hub we intend to publish \u2018evergreen content\u2019 that goes beyond\u00a0 what\u2019s happening now to enrich our cultural legacy for many generations to come. We [&hellip;]<\/p>","protected":false},"author":1,"featured_media":89622,"parent":0,"menu_order":0,"comment_status":"closed","ping_status":"closed","template":"","meta":{"_et_pb_use_builder":"on","_et_pb_old_content":"[vc_row row_height_percent=\"57\" override_padding=\"yes\" h_padding=\"2\" top_padding=\"5\" bottom_padding=\"5\" back_color=\"color-wayh\" back_image=\"89621\" parallax=\"yes\" overlay_color=\"color-lxmt\" overlay_alpha=\"50\" gutter_size=\"3\" column_width_percent=\"100\" shift_y=\"0\" z_index=\"0\" uncode_shortcode_id=\"182885\" back_color_type=\"uncode-palette\" overlay_color_type=\"uncode-palette\"][vc_column column_width_use_pixel=\"yes\" position_vertical=\"middle\" align_horizontal=\"align_center\" gutter_size=\"3\" expand_height=\"yes\" style=\"dark\" overlay_alpha=\"50\" shift_x=\"0\" shift_y=\"0\" shift_y_down=\"0\" z_index=\"0\" medium_width=\"0\" mobile_width=\"0\" width=\"1\/1\" column_width_pixel=\"900\"][vc_row_inner limit_content=\"\"][vc_column_inner column_width_percent=\"100\" position_vertical=\"middle\" align_horizontal=\"align_center\" gutter_size=\"3\" overlay_alpha=\"50\" shift_x=\"0\" shift_y=\"0\" shift_y_down=\"0\" z_index=\"0\" desktop_visibility=\"yes\" medium_visibility=\"yes\" medium_width=\"0\" mobile_visibility=\"yes\" mobile_width=\"0\" width=\"1\/4\" uncode_shortcode_id=\"148021\"][vc_single_image media_width_percent=\"28\" uncode_shortcode_id=\"104739\" media_link=\"url:https%3A%2F%2Flatinhubuk.org%2Fcarnavalito%2F\"][\/vc_column_inner][vc_column_inner column_width_percent=\"100\" position_vertical=\"middle\" align_horizontal=\"align_center\" gutter_size=\"6\" overlay_alpha=\"50\" shift_x=\"0\" shift_x_fixed=\"yes\" shift_y=\"0\" shift_y_down=\"0\" z_index=\"0\" medium_width=\"0\" mobile_width=\"0\" width=\"1\/4\"][\/vc_column_inner][\/vc_row_inner][vc_row_inner limit_content=\"\"][vc_column_inner column_width_percent=\"100\" position_vertical=\"middle\" align_horizontal=\"align_center\" gutter_size=\"3\" overlay_alpha=\"50\" shift_x=\"0\" shift_y=\"0\" shift_y_down=\"0\" z_index=\"0\" medium_width=\"0\" mobile_width=\"0\" width=\"1\/4\"][vc_empty_space][vc_empty_space][vc_empty_space][vc_empty_space empty_h=\"2\"][vc_empty_space empty_h=\"5\"][vc_button button_color=\"color-nhtu\" size=\"btn-xl\" radius=\"btn-circle\" wide=\"yes\" custom_typo=\"yes\" font_family=\"font-126197\" font_weight=\"500\" text_transform=\"uppercase\" border_width=\"0\" uncode_shortcode_id=\"117521\" button_color_type=\"uncode-palette\" link=\"url:https%3A%2F%2Flatinhubuk.org%2Fabout-us%2F|target:_blank\"]On a mission to promote Latin American heritage and solidarity.[\/vc_button][\/vc_column_inner][\/vc_row_inner][vc_empty_space empty_h=\"2\"][\/vc_column][\/vc_row][vc_row unlock_row_content=\"yes\" row_height_percent=\"0\" overlay_alpha=\"50\" gutter_size=\"3\" column_width_percent=\"100\" shift_y=\"0\" z_index=\"0\"][vc_column width=\"1\/1\"][vc_raw_html]JTNDZGl2JTIwY2xhc3MlM0QlMjJwYWRsZXQtZW1iZWQlMjIlMjBzdHlsZSUzRCUyMmJveC1zaXppbmclM0Fib3JkZXItYm94JTNCb3ZlcmZsb3clM0FoaWRkZW4lM0Jwb3NpdGlvbiUzQXJlbGF0aXZlJTNCd2lkdGglM0ExMDAlMjUlM0JiYWNrZ3JvdW5kJTNBJTIzRjRGNEY0JTIyJTNFJTNDcCUyMHN0eWxlJTNEJTIycGFkZGluZyUzQTAlM0JtYXJnaW4lM0EwJTIyJTNFJTNDaWZyYW1lJTIwc3JjJTNEJTIyaHR0cHMlM0ElMkYlMkZwYWRsZXQuY29tJTJGZW1iZWQlMkZqeHk5NXNmdHQwN2VqcXVqJTIyJTIwZnJhbWVib3JkZXIlM0QlMjIwJTIyJTIwYWxsb3clM0QlMjJjYW1lcmElM0JtaWNyb3Bob25lJTNCZ2VvbG9jYXRpb24lMjIlMjBzdHlsZSUzRCUyMndpZHRoJTNBMTAwJTI1JTNCaGVpZ2h0JTNBNjA4cHglM0JkaXNwbGF5JTNBYmxvY2slM0JwYWRkaW5nJTNBMCUzQm1hcmdpbiUzQTAlMjIlM0UlM0MlMkZpZnJhbWUlM0UlM0MlMkZwJTNFJTNDZGl2JTIwc3R5bGUlM0QlMjJwYWRkaW5nJTNBOHB4JTNCdGV4dC1hbGlnbiUzQXJpZ2h0JTNCbWFyZ2luJTNBMCUzQiUyMiUzRSUzQ2ElMjBocmVmJTNEJTIyaHR0cHMlM0ElMkYlMkZwYWRsZXQuY29tJTNGcmVmJTNEZW1iZWQlMjIlMjBzdHlsZSUzRCUyMnBhZGRpbmclM0EwJTNCbWFyZ2luJTNBMCUzQmJvcmRlciUzQW5vbmUlM0JkaXNwbGF5JTNBYmxvY2slM0JsaW5lLWhlaWdodCUzQTElM0JoZWlnaHQlM0ExNnB4JTIyJTIwdGFyZ2V0JTNEJTIyX2JsYW5rJTIyJTNFJTNDaW1nJTIwc3JjJTNEJTIyJTIyJTIwd2lkdGglM0QlMjIwJTIyJTIwaGVpZ2h0JTNEJTIyMCUyMiUyMHN0eWxlJTNEJTIycGFkZGluZyUzQTAlM0JtYXJnaW4lM0EwJTNCYmFja2dyb3VuZCUzQW5vbmUlM0Jib3JkZXIlM0Fub25lJTNCZGlzcGxheSUzQWlubGluZSUzQmJveC1zaGFkb3clM0Fub25lJTIyJTIwYWx0JTNEJTIyJTIyJTNFJTNDJTJGYSUzRSUzQyUyRmRpdiUzRSUzQyUyRmRpdiUzRQ==[\/vc_raw_html][\/vc_column][\/vc_row][vc_row row_height_percent=\"100\" back_image=\"49\" overlay_color=\"color-lxmt\" overlay_alpha=\"50\" gutter_size=\"3\" column_width_percent=\"100\" shift_y=\"0\" z_index=\"0\" css=\".vc_custom_1686647817642{margin-top: -32px !important;border-right-width: 0px !important;padding-left: 0px !important;}\" uncode_shortcode_id=\"123899\" overlay_color_type=\"uncode-palette\"][vc_column column_width_percent=\"100\" align_horizontal=\"align_center\" gutter_size=\"3\" overlay_alpha=\"50\" shift_x=\"0\" shift_y=\"0\" shift_y_down=\"0\" z_index=\"0\" medium_width=\"0\" mobile_width=\"0\" width=\"1\/1\" css=\".vc_custom_1622112028758{padding-right: 0px !important;padding-left: 0px !important;}\"][vc_custom_heading text_color=\"color-xsdn\" heading_semantic=\"h1\" text_size=\"h1\" uncode_shortcode_id=\"187001\" text_color_type=\"uncode-palette\"]\n<h4 style=\"text-align: center;\"><span style=\"color: #ffcc00;\"><strong><span class=\"font-555555\">Welcome to our future hub, we are looking for content creators to contribute to our legacy site.\u00a0 Join us!\u00a0<\/span><\/strong><\/span><\/h4>\n<h3 style=\"text-align: center;\"><span style=\"color: #ff0000;\"><span class=\"font-555555\"><span style=\"color: #ff0000;\">(in Beta- this section will be officially launched in December 2024)\u00a0<\/span><\/span><\/span><\/h3>\n<p>[\/vc_custom_heading][vc_empty_space empty_h=\"3\"][vc_row_inner row_inner_height_percent=\"0\" force_width_grid=\"yes\" overlay_alpha=\"50\" equal_height=\"yes\" gutter_size=\"3\" shift_y=\"0\" z_index=\"0\" limit_content=\"\" el_id=\"categories-container\" uncode_shortcode_id=\"158105\"][vc_column_inner column_width_percent=\"100\" align_horizontal=\"align_center\" gutter_size=\"3\" overlay_alpha=\"50\" shift_x=\"0\" shift_y=\"0\" shift_y_down=\"0\" z_index=\"0\" medium_width=\"0\" mobile_width=\"0\" width=\"1\/2\"][vc_button button_color=\"color-523274\" size=\"btn-xl\" radius=\"btn-circle\" wide=\"yes\" border_width=\"0\" link=\"url:https%3A%2F%2Flatinhubuk.org%2Ffood-drink-markets%2F%3F_sft_category%3Dshow-all-food-drinks-and-markets%26_sft_post_tag%3Dshow-all|title:Food%2C%20Drink%20%26%20Markets\" button_color_type=\"uncode-palette\" uncode_shortcode_id=\"140655\"]#Food #Nightlife #Markets[\/vc_button][vc_button button_color=\"color-rgdb\" size=\"btn-xl\" radius=\"btn-circle\" wide=\"yes\" border_width=\"0\" link=\"url:https%3A%2F%2Flatinhubuk.org%2Flatin-community%3F_sft_category%3Dshow-all-our-community%26_sft_post_tag%3Dshow-all|title:Latin%20Community%20in%20the%20UK\" button_color_type=\"uncode-palette\" uncode_shortcode_id=\"115618\"]#Community[\/vc_button][vc_button button_color=\"color-130244\" size=\"btn-xl\" radius=\"btn-circle\" wide=\"yes\" border_width=\"0\" link=\"url:https%3A%2F%2Flatinhubuk.org%2Fcountries%2F%3F_sft_category%3Dshow-all-our-countries%26_sft_post_tag%3Dshow-all|title:Our%20countries\" button_color_type=\"uncode-palette\" uncode_shortcode_id=\"332385\"]#Countries[\/vc_button][\/vc_column_inner][vc_column_inner column_width_percent=\"100\" align_horizontal=\"align_center\" gutter_size=\"3\" overlay_alpha=\"50\" shift_x=\"0\" shift_y=\"0\" shift_y_down=\"0\" z_index=\"0\" medium_width=\"0\" mobile_width=\"0\" width=\"1\/2\"][vc_button button_color=\"color-nhtu\" size=\"btn-xl\" radius=\"btn-circle\" border_animation=\"btn-ripple-in\" wide=\"yes\" border_width=\"0\" link=\"url:https%3A%2F%2Flatinhubuk.org%2Ftraining-and-career-advice%2F%3F_sft_category%3Dshow-all-training%26_sft_post_tag%3Dshow-all|title:Music%20and%20Dance\" button_color_type=\"uncode-palette\" uncode_shortcode_id=\"120578\"]#Business #Professional[\/vc_button][vc_button button_color=\"color-143908\" size=\"btn-xl\" radius=\"btn-circle\" wide=\"yes\" border_width=\"0\" link=\"url:https%3A%2F%2Flatinhubuk.org%2Farts%2F%3F_sft_category%3Dshow-all-arts-languages-and-books%26_sft_post_tag%3Dshow-all|title:Cinema%2C%20Theatre%2C%20Photography%20%26%20Animation\" button_color_type=\"uncode-palette\" uncode_shortcode_id=\"139436\"]#Arts #Languages[\/vc_button][vc_button button_color=\"color-lxmt\" size=\"btn-xl\" radius=\"btn-circle\" wide=\"yes\" border_width=\"0\" link=\"url:https%3A%2F%2Flatinhubuk.org%2Fkids-and-youth%2F%3F_sft_category%3Dshow-all-kids-and-youth%26_sft_post_tag%3Dshow-all|title:Languages%20and%20books\" button_color_type=\"uncode-palette\" uncode_shortcode_id=\"115175\"]#Kids #Youth[\/vc_button][\/vc_column_inner][\/vc_row_inner][\/vc_column][\/vc_row][vc_row row_height_percent=\"0\" overlay_alpha=\"50\" gutter_size=\"3\" column_width_percent=\"100\" shift_y=\"0\" z_index=\"0\" desktop_visibility=\"yes\" medium_visibility=\"yes\" mobile_visibility=\"yes\" uncode_shortcode_id=\"166587\"][vc_column width=\"1\/1\"][vc_button button_color=\"color-nhtu\" size=\"btn-xl\" radius=\"btn-circle\" wide=\"yes\" hover_fx=\"full-colored\" custom_typo=\"yes\" font_family=\"font-126197\" font_weight=\"500\" text_transform=\"uppercase\" border_width=\"0\" display=\"inline\" link=\"url:https%3A%2F%2Fcontact268629.typeform.com%2Fto%2FZ24hNtBA\" button_color_type=\"uncode-palette\" uncode_shortcode_id=\"187335\"]On a mission to promote our heritage and help our community.[\/vc_button][\/vc_column][\/vc_row]<\/p>\n","_et_gb_content_width":"","_glsr_average":0,"_glsr_ranking":0,"_glsr_reviews":0,"footnotes":""},"class_list":["post-43","page","type-page","status-publish","has-post-thumbnail","hentry"],"aioseo_notices":[],"_links":{"self":[{"href":"https:\/\/latinhubuk.org\/es\/wp-json\/wp\/v2\/pages\/43","targetHints":{"allow":["GET"]}}],"collection":[{"href":"https:\/\/latinhubuk.org\/es\/wp-json\/wp\/v2\/pages"}],"about":[{"href":"https:\/\/latinhubuk.org\/es\/wp-json\/wp\/v2\/types\/page"}],"author":[{"embeddable":true,"href":"https:\/\/latinhubuk.org\/es\/wp-json\/wp\/v2\/users\/1"}],"replies":[{"embeddable":true,"href":"https:\/\/latinhubuk.org\/es\/wp-json\/wp\/v2\/comments?post=43"}],"version-history":[{"count":190,"href":"https:\/\/latinhubuk.org\/es\/wp-json\/wp\/v2\/pages\/43\/revisions"}],"predecessor-version":[{"id":91464,"href":"https:\/\/latinhubuk.org\/es\/wp-json\/wp\/v2\/pages\/43\/revisions\/91464"}],"wp:featuredmedia":[{"embeddable":true,"href":"https:\/\/latinhubuk.org\/es\/wp-json\/wp\/v2\/media\/89622"}],"wp:attachment":[{"href":"https:\/\/latinhubuk.org\/es\/wp-json\/wp\/v2\/media?parent=43"}],"curies":[{"name":"wp","href":"https:\/\/api.w.org\/{rel}","templated":true}]}}